{"id":23,"date":"2017-01-27T19:37:55","date_gmt":"2017-01-27T22:37:55","guid":{"rendered":"https:\/\/hoornvintage.com\/?post_type=product&#038;p=19"},"modified":"2025-08-25T17:34:47","modified_gmt":"2025-08-25T20:34:47","slug":"rio-de-la-plata-poster","status":"publish","type":"product","link":"https:\/\/hoornvintage.com\/en\/product\/rio-de-la-plata-poster\/","title":{"rendered":"Rio de la Plata"},"content":{"rendered":"","protected":false},"excerpt":{"rendered":"<p>R\u00edo de la Plata is renowned for being the widest river in the world. The first European to sail through it, Juan D\u00edaz de Sol\u00eds, described it as a freshwater sea. The river divides Buenos Aires from its neighbour Uruguay\u00a0and was the centre of important successes in world history \u2013 during the Second World War, the German destroyer <em>Graf Spee<\/em> was scuttled in its waters. Used as a commercial waterway, it\u2019s also home for lovers of yachting.<\/p>\n<ul>\n<li><strong>L<\/strong><strong>arge Poster: 40 x 50cm<\/strong><\/li>\n<li><strong>Small Poster: 20 x 25cm<\/strong><\/li>\n<li><strong>Postcard: 13 x 18 cm<\/strong><\/li>\n<li><strong>Magnet: 5 x 8cm<\/strong><\/li>\n<\/ul>\n<p>Quality four-colour print on 250 g. art paper with a matte finish.<\/p>\n<p>All posters shipped in <strong>protective tube casing<\/strong>.<\/p>\n","protected":false},"featured_media":9726,"template":"","meta":[],"product_brand":[],"product_cat":[18],"product_tag":[],"class_list":{"0":"post-23","1":"product","2":"type-product","3":"status-publish","4":"has-post-thumbnail","6":"product_cat-buenos-aires-en","8":"first","9":"instock","10":"shipping-taxable","11":"purchasable","12":"product-type-variable"},"_links":{"self":[{"href":"https:\/\/hoornvintage.com\/en\/wp-json\/wp\/v2\/product\/23","targetHints":{"allow":["GET"]}}],"collection":[{"href":"https:\/\/hoornvintage.com\/en\/wp-json\/wp\/v2\/product"}],"about":[{"href":"https:\/\/hoornvintage.com\/en\/wp-json\/wp\/v2\/types\/product"}],"wp:featuredmedia":[{"embeddable":true,"href":"https:\/\/hoornvintage.com\/en\/wp-json\/wp\/v2\/media\/9726"}],"wp:attachment":[{"href":"https:\/\/hoornvintage.com\/en\/wp-json\/wp\/v2\/media?parent=23"}],"wp:term":[{"taxonomy":"product_brand","embeddable":true,"href":"https:\/\/hoornvintage.com\/en\/wp-json\/wp\/v2\/product_brand?post=23"},{"taxonomy":"product_cat","embeddable":true,"href":"https:\/\/hoornvintage.com\/en\/wp-json\/wp\/v2\/product_cat?post=23"},{"taxonomy":"product_tag","embeddable":true,"href":"https:\/\/hoornvintage.com\/en\/wp-json\/wp\/v2\/product_tag?post=23"}],"curies":[{"name":"wp","href":"https:\/\/api.w.org\/{rel}","templated":true}]}}