{"id":10411,"date":"2022-04-28T12:12:46","date_gmt":"2022-04-28T15:12:46","guid":{"rendered":"https:\/\/hoornvintage.com\/?post_type=product&#038;p=10411"},"modified":"2022-04-28T12:21:54","modified_gmt":"2022-04-28T15:21:54","slug":"charly-garcia","status":"publish","type":"product","link":"https:\/\/hoornvintage.com\/es\/producto\/charly-garcia\/","title":{"rendered":"Charly Garc\u00eda"},"content":{"rendered":"","protected":false},"excerpt":{"rendered":"<p>Charly Garc\u00eda es uno de los artistas m\u00e1s influyentes del rock argentino. Ha producido incontables discos y hits, en bandas como Sui Generis, Ser\u00fa Gir\u00e1n y, por supuesto, como solista.<br \/>\nEste talentoso m\u00fasico se ha vuelto un \u00edcono de la cultura popular argentina.<\/p>\n<ul>\n<li><strong>Poster Grande: 40 x 50cm<\/strong><\/li>\n<li><strong>Im\u00e1n: 5 x 8 cm<\/strong><\/li>\n<li><strong>Postal: 13 x 18 cm<\/strong><\/li>\n<\/ul>\n<p>Impresi\u00f3n de calidad en cuatro colores, sobre papel ilustraci\u00f3n de 250grs, acabado mate.<\/p>\n<p>Todos los posters se env\u00edan con un <strong>tubo protector<\/strong>.<\/p>\n<p>&nbsp;<\/p>\n","protected":false},"featured_media":10418,"template":"","meta":[],"product_brand":[],"product_cat":[45],"product_tag":[],"class_list":{"0":"post-10411","1":"product","2":"type-product","3":"status-publish","4":"has-post-thumbnail","6":"product_cat-iconos-populares","8":"first","9":"instock","10":"shipping-taxable","11":"purchasable","12":"product-type-variable"},"_links":{"self":[{"href":"https:\/\/hoornvintage.com\/es\/wp-json\/wp\/v2\/product\/10411","targetHints":{"allow":["GET"]}}],"collection":[{"href":"https:\/\/hoornvintage.com\/es\/wp-json\/wp\/v2\/product"}],"about":[{"href":"https:\/\/hoornvintage.com\/es\/wp-json\/wp\/v2\/types\/product"}],"wp:featuredmedia":[{"embeddable":true,"href":"https:\/\/hoornvintage.com\/es\/wp-json\/wp\/v2\/media\/10418"}],"wp:attachment":[{"href":"https:\/\/hoornvintage.com\/es\/wp-json\/wp\/v2\/media?parent=10411"}],"wp:term":[{"taxonomy":"product_brand","embeddable":true,"href":"https:\/\/hoornvintage.com\/es\/wp-json\/wp\/v2\/product_brand?post=10411"},{"taxonomy":"product_cat","embeddable":true,"href":"https:\/\/hoornvintage.com\/es\/wp-json\/wp\/v2\/product_cat?post=10411"},{"taxonomy":"product_tag","embeddable":true,"href":"https:\/\/hoornvintage.com\/es\/wp-json\/wp\/v2\/product_tag?post=10411"}],"curies":[{"name":"wp","href":"https:\/\/api.w.org\/{rel}","templated":true}]}}