{"id":11764,"date":"2024-05-20T21:15:25","date_gmt":"2024-05-21T00:15:25","guid":{"rendered":"https:\/\/hoornvintage.com\/product\/indio-solari\/"},"modified":"2024-05-20T21:15:25","modified_gmt":"2024-05-21T00:15:25","slug":"indio-solari","status":"publish","type":"product","link":"https:\/\/hoornvintage.com\/es\/producto\/indio-solari\/","title":{"rendered":"Indio Solari"},"content":{"rendered":"","protected":false},"excerpt":{"rendered":"<p>Desde su liderazgo en los Redonditos de Ricota, hasta sus a\u00f1os como solista, el Indio Solari representa un \u00edcono del rock nacional y un artista de fuste de la m\u00fasica argentina.<\/p>\n","protected":false},"featured_media":11760,"template":"","meta":[],"product_brand":[],"product_cat":[45],"product_tag":[],"class_list":{"0":"post-11764","1":"product","2":"type-product","3":"status-publish","4":"has-post-thumbnail","6":"product_cat-iconos-populares","8":"first","9":"instock","10":"shipping-taxable","11":"purchasable","12":"product-type-variable"},"_links":{"self":[{"href":"https:\/\/hoornvintage.com\/es\/wp-json\/wp\/v2\/product\/11764","targetHints":{"allow":["GET"]}}],"collection":[{"href":"https:\/\/hoornvintage.com\/es\/wp-json\/wp\/v2\/product"}],"about":[{"href":"https:\/\/hoornvintage.com\/es\/wp-json\/wp\/v2\/types\/product"}],"wp:featuredmedia":[{"embeddable":true,"href":"https:\/\/hoornvintage.com\/es\/wp-json\/wp\/v2\/media\/11760"}],"wp:attachment":[{"href":"https:\/\/hoornvintage.com\/es\/wp-json\/wp\/v2\/media?parent=11764"}],"wp:term":[{"taxonomy":"product_brand","embeddable":true,"href":"https:\/\/hoornvintage.com\/es\/wp-json\/wp\/v2\/product_brand?post=11764"},{"taxonomy":"product_cat","embeddable":true,"href":"https:\/\/hoornvintage.com\/es\/wp-json\/wp\/v2\/product_cat?post=11764"},{"taxonomy":"product_tag","embeddable":true,"href":"https:\/\/hoornvintage.com\/es\/wp-json\/wp\/v2\/product_tag?post=11764"}],"curies":[{"name":"wp","href":"https:\/\/api.w.org\/{rel}","templated":true}]}}