{"id":1207,"date":"2015-04-21T11:20:58","date_gmt":"2018-04-21T14:20:58","guid":{"rendered":"http:\/\/sd-1668696-h00001.ferozo.net\/product\/tierra-mayor-valley\/"},"modified":"2020-12-02T18:26:15","modified_gmt":"2020-12-02T21:26:15","slug":"valle-tierra-mayor","status":"publish","type":"product","link":"https:\/\/hoornvintage.com\/es\/producto\/valle-tierra-mayor\/","title":{"rendered":"Valle Tierra Mayor"},"content":{"rendered":"","protected":false},"excerpt":{"rendered":"<p>El valle de Tierra Mayor o Carbajal se encuentra muy cerca de Ushuaia. Es uno de los lugares elegidos por locales y viajeros para disfrutar del esqu\u00ed de fondo y paseos en trineos arrastrados por perros durante el invierno. Rodeado del bosque sub ant\u00e1rtico y de las monta\u00f1as de los Andes, este lugar es un espacio excelente para vivir la nieve en el Fin del Mundo.<\/p>\n<ul>\n<li><strong>Poster Grande: 40 x 50 cm<\/strong><\/li>\n<li><strong>Poster Chico: 20 x 25 cm<br \/>\n<\/strong><\/li>\n<li><strong>Libreta: 10 x 14 cm \u2013 64 hojas blancas<br \/>\n<\/strong><\/li>\n<li><strong>Postal: 13 x 18 cm<\/strong><\/li>\n<li><strong>Im\u00e1n: 5 x 8 cm<\/strong><\/li>\n<\/ul>\n<p>Impresi\u00f3n de calidad en cuatro colores, sobre papel ilustraci\u00f3n de 200grs, acabado brillante.<\/p>\n<p>Todos los posters se env\u00edan con un\u00a0<strong>tubo protector<\/strong>.<\/p>\n","protected":false},"featured_media":10119,"template":"","meta":[],"product_brand":[],"product_cat":[42],"product_tag":[],"class_list":{"0":"post-1207","1":"product","2":"type-product","3":"status-publish","4":"has-post-thumbnail","6":"product_cat-patagonia-tierra-del-fuego-y-antartida","8":"first","9":"outofstock","10":"shipping-taxable","11":"purchasable","12":"product-type-variable"},"_links":{"self":[{"href":"https:\/\/hoornvintage.com\/es\/wp-json\/wp\/v2\/product\/1207","targetHints":{"allow":["GET"]}}],"collection":[{"href":"https:\/\/hoornvintage.com\/es\/wp-json\/wp\/v2\/product"}],"about":[{"href":"https:\/\/hoornvintage.com\/es\/wp-json\/wp\/v2\/types\/product"}],"wp:featuredmedia":[{"embeddable":true,"href":"https:\/\/hoornvintage.com\/es\/wp-json\/wp\/v2\/media\/10119"}],"wp:attachment":[{"href":"https:\/\/hoornvintage.com\/es\/wp-json\/wp\/v2\/media?parent=1207"}],"wp:term":[{"taxonomy":"product_brand","embeddable":true,"href":"https:\/\/hoornvintage.com\/es\/wp-json\/wp\/v2\/product_brand?post=1207"},{"taxonomy":"product_cat","embeddable":true,"href":"https:\/\/hoornvintage.com\/es\/wp-json\/wp\/v2\/product_cat?post=1207"},{"taxonomy":"product_tag","embeddable":true,"href":"https:\/\/hoornvintage.com\/es\/wp-json\/wp\/v2\/product_tag?post=1207"}],"curies":[{"name":"wp","href":"https:\/\/api.w.org\/{rel}","templated":true}]}}