{"id":1212,"date":"2018-04-21T11:20:02","date_gmt":"2018-04-21T14:20:02","guid":{"rendered":"http:\/\/sd-1668696-h00001.ferozo.net\/product\/lemaire-channel\/"},"modified":"2022-08-23T15:58:26","modified_gmt":"2022-08-23T18:58:26","slug":"lemaire-channel","status":"publish","type":"product","link":"https:\/\/hoornvintage.com\/es\/producto\/lemaire-channel\/","title":{"rendered":"Lemaire Channel"},"content":{"rendered":"","protected":false},"excerpt":{"rendered":"<p>Navegado por primera vez en 1898 por la expedici\u00f3n de Adrien De Gerlache, el Canal Lemaire se ha convertido en uno de los pilares de todo crucero de expedici\u00f3n en la Ant\u00e1rtida. En su parte m\u00e1s angosta, el canal tiene menos de ochocientos metros de ancho, con picos como torres a ambos flancos. Es usual encontrar el canal colmado de t\u00e9mpanos e hielo marino, lo que dificulta la navegaci\u00f3n pero a su vez la hace visualmente inolvidable.<\/p>\n<ul>\n<li><strong>Poster Grande: 40 x 50 cm<\/strong><\/li>\n<li><strong>Poster Chico: 20 x 25 cm<br \/>\n<\/strong><\/li>\n<li><strong>Libreta: 10 x 14 cm \u2013 64 hojas blancas<br \/>\n<\/strong><\/li>\n<li><strong>Postal: 13 x 18 cm<\/strong><\/li>\n<li><strong>Im\u00e1n: 5 x 8 cm<\/strong><\/li>\n<\/ul>\n<p>Impresi\u00f3n de calidad en cuatro colores, sobre papel ilustraci\u00f3n de 200grs, acabado brillante.<\/p>\n<p>Todos los posters se env\u00edan con un\u00a0<strong>tubo protector<\/strong>.<\/p>\n","protected":false},"featured_media":10100,"template":"","meta":[],"product_brand":[],"product_cat":[42],"product_tag":[],"class_list":{"0":"post-1212","1":"product","2":"type-product","3":"status-publish","4":"has-post-thumbnail","6":"product_cat-patagonia-tierra-del-fuego-y-antartida","8":"first","9":"outofstock","10":"shipping-taxable","11":"purchasable","12":"product-type-variable"},"_links":{"self":[{"href":"https:\/\/hoornvintage.com\/es\/wp-json\/wp\/v2\/product\/1212","targetHints":{"allow":["GET"]}}],"collection":[{"href":"https:\/\/hoornvintage.com\/es\/wp-json\/wp\/v2\/product"}],"about":[{"href":"https:\/\/hoornvintage.com\/es\/wp-json\/wp\/v2\/types\/product"}],"wp:featuredmedia":[{"embeddable":true,"href":"https:\/\/hoornvintage.com\/es\/wp-json\/wp\/v2\/media\/10100"}],"wp:attachment":[{"href":"https:\/\/hoornvintage.com\/es\/wp-json\/wp\/v2\/media?parent=1212"}],"wp:term":[{"taxonomy":"product_brand","embeddable":true,"href":"https:\/\/hoornvintage.com\/es\/wp-json\/wp\/v2\/product_brand?post=1212"},{"taxonomy":"product_cat","embeddable":true,"href":"https:\/\/hoornvintage.com\/es\/wp-json\/wp\/v2\/product_cat?post=1212"},{"taxonomy":"product_tag","embeddable":true,"href":"https:\/\/hoornvintage.com\/es\/wp-json\/wp\/v2\/product_tag?post=1212"}],"curies":[{"name":"wp","href":"https:\/\/api.w.org\/{rel}","templated":true}]}}