{"id":1217,"date":"2018-04-21T11:17:48","date_gmt":"2018-04-21T14:17:48","guid":{"rendered":"http:\/\/sd-1668696-h00001.ferozo.net\/product\/beagle-channel\/"},"modified":"2022-08-23T15:56:30","modified_gmt":"2022-08-23T18:56:30","slug":"canal-del-beagle","status":"publish","type":"product","link":"https:\/\/hoornvintage.com\/es\/producto\/canal-del-beagle\/","title":{"rendered":"Canal del Beagle"},"content":{"rendered":"","protected":false},"excerpt":{"rendered":"<p>Uno de los imprescindibles de Tierra del Fuego, el Canal Bealge es un cuerpo de agua que conecta los oc\u00e9anos Atl\u00e1ntico y Pac\u00edfico. Navegar una peque\u00f1a secci\u00f3n de este canal, es una experiencia para no perderse. Adem\u00e1s de la vida animal, el Canal Beagle permite disfrutar vistas de las islas del Archipi\u00e9lago Fueguino, as\u00ed como tambi\u00e9n del faro Les Eclaireurs, un \u00edcono del Fin del Mundo.<\/p>\n<ul>\n<li><strong>Poster Grande: 40 x 50 cm<\/strong><\/li>\n<li><strong>Poster Chico: 20 x 25 cm<br \/>\n<\/strong><\/li>\n<li><strong>Libreta: 10 x 14 cm \u2013 64 hojas blancas<br \/>\n<\/strong><\/li>\n<li><strong>Postal: 13 x 18 cm<\/strong><\/li>\n<li><strong>Im\u00e1n: 5 x 8 cm<\/strong><\/li>\n<\/ul>\n<p>Impresi\u00f3n de calidad en cuatro colores, sobre papel ilustraci\u00f3n de 200grs, acabado brillante.<\/p>\n<p>Todos los posters se env\u00edan con un\u00a0<strong>tubo protector<\/strong>.<\/p>\n","protected":false},"featured_media":10095,"template":"","meta":[],"product_brand":[],"product_cat":[42],"product_tag":[],"class_list":{"0":"post-1217","1":"product","2":"type-product","3":"status-publish","4":"has-post-thumbnail","6":"product_cat-patagonia-tierra-del-fuego-y-antartida","8":"first","9":"outofstock","10":"shipping-taxable","11":"purchasable","12":"product-type-variable"},"_links":{"self":[{"href":"https:\/\/hoornvintage.com\/es\/wp-json\/wp\/v2\/product\/1217","targetHints":{"allow":["GET"]}}],"collection":[{"href":"https:\/\/hoornvintage.com\/es\/wp-json\/wp\/v2\/product"}],"about":[{"href":"https:\/\/hoornvintage.com\/es\/wp-json\/wp\/v2\/types\/product"}],"wp:featuredmedia":[{"embeddable":true,"href":"https:\/\/hoornvintage.com\/es\/wp-json\/wp\/v2\/media\/10095"}],"wp:attachment":[{"href":"https:\/\/hoornvintage.com\/es\/wp-json\/wp\/v2\/media?parent=1217"}],"wp:term":[{"taxonomy":"product_brand","embeddable":true,"href":"https:\/\/hoornvintage.com\/es\/wp-json\/wp\/v2\/product_brand?post=1217"},{"taxonomy":"product_cat","embeddable":true,"href":"https:\/\/hoornvintage.com\/es\/wp-json\/wp\/v2\/product_cat?post=1217"},{"taxonomy":"product_tag","embeddable":true,"href":"https:\/\/hoornvintage.com\/es\/wp-json\/wp\/v2\/product_tag?post=1217"}],"curies":[{"name":"wp","href":"https:\/\/api.w.org\/{rel}","templated":true}]}}