{"id":1223,"date":"2018-04-21T11:13:07","date_gmt":"2018-04-21T14:13:07","guid":{"rendered":"http:\/\/sd-1668696-h00001.ferozo.net\/product\/bahia-paraiso-base-almirante-brown\/"},"modified":"2020-12-02T18:28:11","modified_gmt":"2020-12-02T21:28:11","slug":"bahia-paraiso-base-almirante-brown","status":"publish","type":"product","link":"https:\/\/hoornvintage.com\/es\/producto\/bahia-paraiso-base-almirante-brown\/","title":{"rendered":"Bah\u00eda Para\u00edso, Base Almirante Brown"},"content":{"rendered":"","protected":false},"excerpt":{"rendered":"<p>La base argentina Brown, se encuentra en un verdadero para\u00edso: vastos glaciares, monta\u00f1as abruptas y el Oc\u00e9ano Austral. Tiempo atr\u00e1s, este puerto natural era utilizado por balleneros, pero hoy en d\u00eda es uno de los destinos m\u00e1s visitados por los cruceros de expedici\u00f3n en Ant\u00e1rtida. Este sitio de desembarco es quiz\u00e1 uno de los m\u00e1s accesibles para poner pie en el continente ant\u00e1rtico, pero tambi\u00e9n ofrece vistas incre\u00edbles desde la colina que domina el lugar.<\/p>\n<ul>\n<li><strong>Poster Grande: 40 x 50 cm<\/strong><\/li>\n<li><strong>Poster Chico: 20 x 25 cm<\/strong><strong><br \/>\n<\/strong><\/li>\n<li><strong>Postal: 13 x 18 cm<\/strong><\/li>\n<li><strong>Im\u00e1n: 5 x 8 cm<\/strong><\/li>\n<\/ul>\n<p>Impresi\u00f3n de calidad en cuatro colores, sobre papel ilustraci\u00f3n de 200grs, acabado brillante.<\/p>\n<p>Todos los posters se env\u00edan con un\u00a0<strong>tubo protector<\/strong>.<\/p>\n","protected":false},"featured_media":10114,"template":"","meta":[],"product_brand":[],"product_cat":[42],"product_tag":[],"class_list":{"0":"post-1223","1":"product","2":"type-product","3":"status-publish","4":"has-post-thumbnail","6":"product_cat-patagonia-tierra-del-fuego-y-antartida","8":"first","9":"outofstock","10":"shipping-taxable","11":"purchasable","12":"product-type-variable"},"_links":{"self":[{"href":"https:\/\/hoornvintage.com\/es\/wp-json\/wp\/v2\/product\/1223","targetHints":{"allow":["GET"]}}],"collection":[{"href":"https:\/\/hoornvintage.com\/es\/wp-json\/wp\/v2\/product"}],"about":[{"href":"https:\/\/hoornvintage.com\/es\/wp-json\/wp\/v2\/types\/product"}],"wp:featuredmedia":[{"embeddable":true,"href":"https:\/\/hoornvintage.com\/es\/wp-json\/wp\/v2\/media\/10114"}],"wp:attachment":[{"href":"https:\/\/hoornvintage.com\/es\/wp-json\/wp\/v2\/media?parent=1223"}],"wp:term":[{"taxonomy":"product_brand","embeddable":true,"href":"https:\/\/hoornvintage.com\/es\/wp-json\/wp\/v2\/product_brand?post=1223"},{"taxonomy":"product_cat","embeddable":true,"href":"https:\/\/hoornvintage.com\/es\/wp-json\/wp\/v2\/product_cat?post=1223"},{"taxonomy":"product_tag","embeddable":true,"href":"https:\/\/hoornvintage.com\/es\/wp-json\/wp\/v2\/product_tag?post=1223"}],"curies":[{"name":"wp","href":"https:\/\/api.w.org\/{rel}","templated":true}]}}