{"id":1229,"date":"2018-04-21T11:08:57","date_gmt":"2018-04-21T14:08:57","guid":{"rendered":"http:\/\/sd-1668696-h00001.ferozo.net\/product\/monte-olivia\/"},"modified":"2022-08-23T15:58:50","modified_gmt":"2022-08-23T18:58:50","slug":"monte-olivia","status":"publish","type":"product","link":"https:\/\/hoornvintage.com\/es\/producto\/monte-olivia\/","title":{"rendered":"Monte Olivia"},"content":{"rendered":"","protected":false},"excerpt":{"rendered":"<p>El Monte Olvia es la monta\u00f1a que domina el panorama de Ushuaia. Con su afilado pico, llama la atenci\u00f3n de viajeros y especialmente de escaladores \u00e1vidos de desaf\u00edos. En el oto\u00f1o, las lengas y los \u00f1ires de Tierra del Fuego se vuelven amarillos, naranjas y rojos, transformando el bosque en una imagen colorida.<\/p>\n<ul>\n<li><strong>Poster Grande: 40 x 50 cm<\/strong><\/li>\n<li><strong>Poster Chico: 20 x 25 cm<br \/>\n<\/strong><\/li>\n<li><strong>Libreta: 10 x 14 cm \u2013 64 hojas blancas<br \/>\n<\/strong><\/li>\n<li><strong>Postal: 13 x 18 cm<\/strong><\/li>\n<li><strong>Im\u00e1n: 5 x 8 cm<\/strong><\/li>\n<\/ul>\n<p>Impresi\u00f3n de calidad en cuatro colores, sobre papel ilustraci\u00f3n de 200grs, acabado brillante.<\/p>\n<p>Todos los posters se env\u00edan con un\u00a0<strong>tubo protector<\/strong>.<\/p>\n","protected":false},"featured_media":10104,"template":"","meta":[],"product_brand":[],"product_cat":[42],"product_tag":[],"class_list":{"0":"post-1229","1":"product","2":"type-product","3":"status-publish","4":"has-post-thumbnail","6":"product_cat-patagonia-tierra-del-fuego-y-antartida","8":"first","9":"outofstock","10":"shipping-taxable","11":"purchasable","12":"product-type-variable"},"_links":{"self":[{"href":"https:\/\/hoornvintage.com\/es\/wp-json\/wp\/v2\/product\/1229","targetHints":{"allow":["GET"]}}],"collection":[{"href":"https:\/\/hoornvintage.com\/es\/wp-json\/wp\/v2\/product"}],"about":[{"href":"https:\/\/hoornvintage.com\/es\/wp-json\/wp\/v2\/types\/product"}],"wp:featuredmedia":[{"embeddable":true,"href":"https:\/\/hoornvintage.com\/es\/wp-json\/wp\/v2\/media\/10104"}],"wp:attachment":[{"href":"https:\/\/hoornvintage.com\/es\/wp-json\/wp\/v2\/media?parent=1229"}],"wp:term":[{"taxonomy":"product_brand","embeddable":true,"href":"https:\/\/hoornvintage.com\/es\/wp-json\/wp\/v2\/product_brand?post=1229"},{"taxonomy":"product_cat","embeddable":true,"href":"https:\/\/hoornvintage.com\/es\/wp-json\/wp\/v2\/product_cat?post=1229"},{"taxonomy":"product_tag","embeddable":true,"href":"https:\/\/hoornvintage.com\/es\/wp-json\/wp\/v2\/product_tag?post=1229"}],"curies":[{"name":"wp","href":"https:\/\/api.w.org\/{rel}","templated":true}]}}