{"id":1235,"date":"2018-04-21T11:07:33","date_gmt":"2018-04-21T14:07:33","guid":{"rendered":"http:\/\/sd-1668696-h00001.ferozo.net\/product\/puerto-lockroy-base-a\/"},"modified":"2022-08-23T15:52:59","modified_gmt":"2022-08-23T18:52:59","slug":"puerto-lockroy-base-a","status":"publish","type":"product","link":"https:\/\/hoornvintage.com\/es\/producto\/puerto-lockroy-base-a\/","title":{"rendered":"Puerto Lockroy, Base A"},"content":{"rendered":"","protected":false},"excerpt":{"rendered":"<p>Hoy en d\u00eda, la Antigua Base A, en Puerto Lockroy, es un museo de sitio y oficina de correo. Fue la primera base brit\u00e1nica en establecerse en el continente blanco, en 1944, en tiempos de guerra, durante la llamada Operaci\u00f3n Tabarin. En la actualidad miles de viajeros visitan Puerto Lockroy, donde adem\u00e1s de conocer parte de la historia ant\u00e1rtica, pueden disfrutar de la compa\u00f1\u00eda de curiosos ping\u00fcinos Pap\u00faa.<\/p>\n<ul>\n<li><strong>Poster Grande: 40 x 50 cm<\/strong><\/li>\n<li><strong>Poster Chico: 20 x 25 cm<br \/>\n<\/strong><\/li>\n<li><strong>Libreta: 10 x 14 cm \u2013 64 hojas blancas<br \/>\n<\/strong><\/li>\n<li><strong>Postal: 13 x 18 cm<\/strong><\/li>\n<li><strong>Im\u00e1n: 5 x 8 cm<\/strong><\/li>\n<\/ul>\n<p>Impresi\u00f3n de calidad en cuatro colores, sobre papel ilustraci\u00f3n de 200grs, acabado brillante.<\/p>\n<p>Todos los posters se env\u00edan con un\u00a0<strong>tubo protector<\/strong>.<\/p>\n","protected":false},"featured_media":10109,"template":"","meta":[],"product_brand":[],"product_cat":[42],"product_tag":[],"class_list":{"0":"post-1235","1":"product","2":"type-product","3":"status-publish","4":"has-post-thumbnail","6":"product_cat-patagonia-tierra-del-fuego-y-antartida","8":"first","9":"outofstock","10":"shipping-taxable","11":"purchasable","12":"product-type-variable"},"_links":{"self":[{"href":"https:\/\/hoornvintage.com\/es\/wp-json\/wp\/v2\/product\/1235","targetHints":{"allow":["GET"]}}],"collection":[{"href":"https:\/\/hoornvintage.com\/es\/wp-json\/wp\/v2\/product"}],"about":[{"href":"https:\/\/hoornvintage.com\/es\/wp-json\/wp\/v2\/types\/product"}],"wp:featuredmedia":[{"embeddable":true,"href":"https:\/\/hoornvintage.com\/es\/wp-json\/wp\/v2\/media\/10109"}],"wp:attachment":[{"href":"https:\/\/hoornvintage.com\/es\/wp-json\/wp\/v2\/media?parent=1235"}],"wp:term":[{"taxonomy":"product_brand","embeddable":true,"href":"https:\/\/hoornvintage.com\/es\/wp-json\/wp\/v2\/product_brand?post=1235"},{"taxonomy":"product_cat","embeddable":true,"href":"https:\/\/hoornvintage.com\/es\/wp-json\/wp\/v2\/product_cat?post=1235"},{"taxonomy":"product_tag","embeddable":true,"href":"https:\/\/hoornvintage.com\/es\/wp-json\/wp\/v2\/product_tag?post=1235"}],"curies":[{"name":"wp","href":"https:\/\/api.w.org\/{rel}","templated":true}]}}