{"id":1246,"date":"2018-04-21T09:31:34","date_gmt":"2018-04-21T12:31:34","guid":{"rendered":"http:\/\/sd-1668696-h00001.ferozo.net\/product\/glaciar-perito-moreno\/"},"modified":"2021-01-18T14:18:13","modified_gmt":"2021-01-18T17:18:13","slug":"glaciar-perito-moreno","status":"publish","type":"product","link":"https:\/\/hoornvintage.com\/es\/producto\/glaciar-perito-moreno\/","title":{"rendered":"Glaciar Perito Moreno"},"content":{"rendered":"","protected":false},"excerpt":{"rendered":"<p>Ubicado en el coraz\u00f3n de la Patagonia, el Glaciar Perito Moreno es uno de los sitios m\u00e1s visitados de la regi\u00f3n. Con grandes desprendimientos que ocurren a diario, presenciar esta belleza natural es impresionante. Con 5 km de ancho y m\u00e1s de 74 metros de altura, es uno de los tres \u00fanicos glaciares en el mundo que crece en lugar de retirarse y est\u00e1 catalogado como Patrimonio de la Humanidad por la UNESCO.<\/p>\n<ul>\n<li><strong>Poster Grande: 40 x 50 cm<\/strong><strong><br \/>\n<\/strong><\/li>\n<li><strong>Libreta: 10 x 14 cm \u2013 64 hojas blancas<\/strong><\/li>\n<li><strong>Libreta A5: 15 x 21 cm<\/strong><\/li>\n<li><strong>Im\u00e1n: 5 x 8 cm<\/strong><strong><br \/>\n<\/strong><\/li>\n<li><strong>Postal: 13 x 18 cm<\/strong><\/li>\n<\/ul>\n<p>Impresi\u00f3n de calidad en cuatro colores, sobre papel ilustraci\u00f3n de 250grs, acabado mate.<\/p>\n<p>Todos los posters se env\u00edan con un\u00a0<strong>tubo protector<\/strong>.<\/p>\n","protected":false},"featured_media":10146,"template":"","meta":[],"product_brand":[],"product_cat":[43],"product_tag":[],"class_list":{"0":"post-1246","1":"product","2":"type-product","3":"status-publish","4":"has-post-thumbnail","6":"product_cat-argentina-highlights","8":"first","9":"instock","10":"shipping-taxable","11":"purchasable","12":"product-type-variable"},"_links":{"self":[{"href":"https:\/\/hoornvintage.com\/es\/wp-json\/wp\/v2\/product\/1246","targetHints":{"allow":["GET"]}}],"collection":[{"href":"https:\/\/hoornvintage.com\/es\/wp-json\/wp\/v2\/product"}],"about":[{"href":"https:\/\/hoornvintage.com\/es\/wp-json\/wp\/v2\/types\/product"}],"wp:featuredmedia":[{"embeddable":true,"href":"https:\/\/hoornvintage.com\/es\/wp-json\/wp\/v2\/media\/10146"}],"wp:attachment":[{"href":"https:\/\/hoornvintage.com\/es\/wp-json\/wp\/v2\/media?parent=1246"}],"wp:term":[{"taxonomy":"product_brand","embeddable":true,"href":"https:\/\/hoornvintage.com\/es\/wp-json\/wp\/v2\/product_brand?post=1246"},{"taxonomy":"product_cat","embeddable":true,"href":"https:\/\/hoornvintage.com\/es\/wp-json\/wp\/v2\/product_cat?post=1246"},{"taxonomy":"product_tag","embeddable":true,"href":"https:\/\/hoornvintage.com\/es\/wp-json\/wp\/v2\/product_tag?post=1246"}],"curies":[{"name":"wp","href":"https:\/\/api.w.org\/{rel}","templated":true}]}}