{"id":1261,"date":"2017-01-29T18:49:42","date_gmt":"2017-01-29T21:49:42","guid":{"rendered":"http:\/\/sd-1668696-h00001.ferozo.net\/product\/plaza-de-mayo-poster\/"},"modified":"2020-12-02T18:36:10","modified_gmt":"2020-12-02T21:36:10","slug":"plaza-de-mayo-poster","status":"publish","type":"product","link":"https:\/\/hoornvintage.com\/es\/producto\/plaza-de-mayo-poster\/","title":{"rendered":"Plaza de Mayo"},"content":{"rendered":"","protected":false},"excerpt":{"rendered":"<p>Grandes momentos de la historia de Buenos Aires y Argentina sucedieron en esta plaza. Desde la Revoluci\u00f3n de Mayo en 1810, hasta los famosos discursos de Evita Per\u00f3n desde los balcones de la Casa Rosada. Siempre din\u00e1mica y llena de vida, la Plaza de Mayo es un nodo importante de Buenos Aires, ubicada en el centro del distrito financiero de la ciudad.<\/p>\n<ul>\n<li><strong>Poster Grande: 40 x 50 cm<\/strong><\/li>\n<li><strong>Poster Chico: 20 x 25 cm<br \/>\n<\/strong><\/li>\n<li><strong>Postal: 13 x 18 cm<\/strong><\/li>\n<li><strong>Im\u00e1n: 5 x 8 cm<\/strong><\/li>\n<li><strong>Tarjeta de Felicitaciones: 10,5 x 14 cm<\/strong><\/li>\n<\/ul>\n<p>Impresi\u00f3n de calidad en cuatro colores, sobre papel ilustraci\u00f3n de 250grs, acabado mate.<\/p>\n<p>Todos los posters se env\u00edan con un\u00a0<strong>tubo protector<\/strong>.<\/p>\n","protected":false},"featured_media":9716,"template":"","meta":[],"product_brand":[],"product_cat":[44],"product_tag":[],"class_list":{"0":"post-1261","1":"product","2":"type-product","3":"status-publish","4":"has-post-thumbnail","6":"product_cat-buenos-aires-es","8":"first","9":"instock","10":"shipping-taxable","11":"purchasable","12":"product-type-variable"},"_links":{"self":[{"href":"https:\/\/hoornvintage.com\/es\/wp-json\/wp\/v2\/product\/1261","targetHints":{"allow":["GET"]}}],"collection":[{"href":"https:\/\/hoornvintage.com\/es\/wp-json\/wp\/v2\/product"}],"about":[{"href":"https:\/\/hoornvintage.com\/es\/wp-json\/wp\/v2\/types\/product"}],"wp:featuredmedia":[{"embeddable":true,"href":"https:\/\/hoornvintage.com\/es\/wp-json\/wp\/v2\/media\/9716"}],"wp:attachment":[{"href":"https:\/\/hoornvintage.com\/es\/wp-json\/wp\/v2\/media?parent=1261"}],"wp:term":[{"taxonomy":"product_brand","embeddable":true,"href":"https:\/\/hoornvintage.com\/es\/wp-json\/wp\/v2\/product_brand?post=1261"},{"taxonomy":"product_cat","embeddable":true,"href":"https:\/\/hoornvintage.com\/es\/wp-json\/wp\/v2\/product_cat?post=1261"},{"taxonomy":"product_tag","embeddable":true,"href":"https:\/\/hoornvintage.com\/es\/wp-json\/wp\/v2\/product_tag?post=1261"}],"curies":[{"name":"wp","href":"https:\/\/api.w.org\/{rel}","templated":true}]}}