{"id":1273,"date":"2017-01-29T18:21:05","date_gmt":"2017-01-29T21:21:05","guid":{"rendered":"http:\/\/sd-1668696-h00001.ferozo.net\/product\/1273\/"},"modified":"2021-01-08T14:22:31","modified_gmt":"2021-01-08T17:22:31","slug":"palermo-poster","status":"publish","type":"product","link":"https:\/\/hoornvintage.com\/es\/producto\/palermo-poster\/","title":{"rendered":"Palermo"},"content":{"rendered":"","protected":false},"excerpt":{"rendered":"<p>Con sus grandes espacios abiertos, sus \u00e1rboles y sus parques, Palermo no es solamente el barrio m\u00e1s extenso de Buenos Aires, sino tambi\u00e9n uno de los m\u00e1s favoritos por los viajeros. Hay una gran variedad de bares y restaurantes, y tambi\u00e9n de negocios, algunos de marcas internacionales, pero tambi\u00e9n de dise\u00f1adores independientes. En Palermo se respira una atm\u00f3sfera relajada, con su gente colmando las calles, tomando algo en las terrazas y mirando la vida pasar.<\/p>\n<ul>\n<li><strong>Poster Grande: 40 x 50 cm<\/strong><\/li>\n<li><strong>Poster Chico: 20 x 25 cm<br \/>\n<\/strong><\/li>\n<li><strong>Libreta: 10 x 14 cm \u2013 64 hojas blancas<\/strong><\/li>\n<li><strong>Libreta A5: 15 x 21 cm<br \/>\n<\/strong><\/li>\n<li><strong>Postal: 13 x 18 cm<\/strong><\/li>\n<li><strong>Im\u00e1n: 5 x 8 cm<\/strong><\/li>\n<li><strong>Tarjeta de Felicitaciones: 10,5 x 14 cm<\/strong><\/li>\n<\/ul>\n<p>Impresi\u00f3n de calidad en cuatro colores, sobre papel ilustraci\u00f3n de 250grs, acabado mate.<\/p>\n<p>Todos los posters se env\u00edan con un\u00a0<strong>tubo protector<\/strong>.<\/p>\n","protected":false},"featured_media":9711,"template":"","meta":[],"product_brand":[],"product_cat":[44],"product_tag":[],"class_list":{"0":"post-1273","1":"product","2":"type-product","3":"status-publish","4":"has-post-thumbnail","6":"product_cat-buenos-aires-es","8":"first","9":"instock","10":"shipping-taxable","11":"purchasable","12":"product-type-variable"},"_links":{"self":[{"href":"https:\/\/hoornvintage.com\/es\/wp-json\/wp\/v2\/product\/1273","targetHints":{"allow":["GET"]}}],"collection":[{"href":"https:\/\/hoornvintage.com\/es\/wp-json\/wp\/v2\/product"}],"about":[{"href":"https:\/\/hoornvintage.com\/es\/wp-json\/wp\/v2\/types\/product"}],"wp:featuredmedia":[{"embeddable":true,"href":"https:\/\/hoornvintage.com\/es\/wp-json\/wp\/v2\/media\/9711"}],"wp:attachment":[{"href":"https:\/\/hoornvintage.com\/es\/wp-json\/wp\/v2\/media?parent=1273"}],"wp:term":[{"taxonomy":"product_brand","embeddable":true,"href":"https:\/\/hoornvintage.com\/es\/wp-json\/wp\/v2\/product_brand?post=1273"},{"taxonomy":"product_cat","embeddable":true,"href":"https:\/\/hoornvintage.com\/es\/wp-json\/wp\/v2\/product_cat?post=1273"},{"taxonomy":"product_tag","embeddable":true,"href":"https:\/\/hoornvintage.com\/es\/wp-json\/wp\/v2\/product_tag?post=1273"}],"curies":[{"name":"wp","href":"https:\/\/api.w.org\/{rel}","templated":true}]}}