{"id":1291,"date":"2017-01-27T22:30:56","date_gmt":"2017-01-28T01:30:56","guid":{"rendered":"http:\/\/sd-1668696-h00001.ferozo.net\/product\/obelisco-poster\/"},"modified":"2020-12-02T18:38:22","modified_gmt":"2020-12-02T21:38:22","slug":"obelisco-poster","status":"publish","type":"product","link":"https:\/\/hoornvintage.com\/es\/producto\/obelisco-poster\/","title":{"rendered":"Obelisco"},"content":{"rendered":"","protected":false},"excerpt":{"rendered":"<p>Este monumento a la ciudad y a sus fundadores fue erigido en 1936, y pronto se convirti\u00f3 en un \u00edcono de Buenos Aires. El dise\u00f1ador de la obra, Alberto Presbich, se inspir\u00f3 en los obeliscos que hab\u00eda conocido en Par\u00eds a\u00f1os atr\u00e1s. El obelisco se encuentra en la intersecci\u00f3n de la poderosa avenida 9 de Julio, y la famosa avenida Corrientes, donde los teatros y las pizzer\u00edas tradicionales albergan a los locales cada noche del a\u00f1o.<\/p>\n<ul>\n<li><strong>Poster Grande: 40 x 50 cm<\/strong><\/li>\n<li><strong>Poster Chico: 20 x 25 cm<br \/>\n<\/strong><\/li>\n<li><strong>Postal: 13 x 18 cm<\/strong><\/li>\n<li><strong>Im\u00e1n: 5 x 8 cm<\/strong><\/li>\n<\/ul>\n<p>Impresi\u00f3n de calidad en cuatro colores, sobre papel ilustraci\u00f3n de 250grs, acabado mate.<\/p>\n<p>Todos los posters se env\u00edan con un\u00a0<strong>tubo protector<\/strong>.<\/p>\n","protected":false},"featured_media":9706,"template":"","meta":[],"product_brand":[],"product_cat":[44],"product_tag":[],"class_list":{"0":"post-1291","1":"product","2":"type-product","3":"status-publish","4":"has-post-thumbnail","6":"product_cat-buenos-aires-es","8":"first","9":"instock","10":"shipping-taxable","11":"purchasable","12":"product-type-variable"},"_links":{"self":[{"href":"https:\/\/hoornvintage.com\/es\/wp-json\/wp\/v2\/product\/1291","targetHints":{"allow":["GET"]}}],"collection":[{"href":"https:\/\/hoornvintage.com\/es\/wp-json\/wp\/v2\/product"}],"about":[{"href":"https:\/\/hoornvintage.com\/es\/wp-json\/wp\/v2\/types\/product"}],"wp:featuredmedia":[{"embeddable":true,"href":"https:\/\/hoornvintage.com\/es\/wp-json\/wp\/v2\/media\/9706"}],"wp:attachment":[{"href":"https:\/\/hoornvintage.com\/es\/wp-json\/wp\/v2\/media?parent=1291"}],"wp:term":[{"taxonomy":"product_brand","embeddable":true,"href":"https:\/\/hoornvintage.com\/es\/wp-json\/wp\/v2\/product_brand?post=1291"},{"taxonomy":"product_cat","embeddable":true,"href":"https:\/\/hoornvintage.com\/es\/wp-json\/wp\/v2\/product_cat?post=1291"},{"taxonomy":"product_tag","embeddable":true,"href":"https:\/\/hoornvintage.com\/es\/wp-json\/wp\/v2\/product_tag?post=1291"}],"curies":[{"name":"wp","href":"https:\/\/api.w.org\/{rel}","templated":true}]}}