{"id":1297,"date":"2017-01-27T20:23:42","date_gmt":"2017-01-27T23:23:42","guid":{"rendered":"http:\/\/sd-1668696-h00001.ferozo.net\/product\/san-telmo\/"},"modified":"2021-01-08T14:17:33","modified_gmt":"2021-01-08T17:17:33","slug":"san-telmo","status":"publish","type":"product","link":"https:\/\/hoornvintage.com\/es\/producto\/san-telmo\/","title":{"rendered":"San Telmo"},"content":{"rendered":"","protected":false},"excerpt":{"rendered":"<p>San Telmo pertenece a la Buenos Aires m\u00e1s Antigua, la Buenos Aires del sur. Sus calles angostas est\u00e1n llenas de personalidad, lo mismo que sus viejos caf\u00e9s, donde el tiempo pareciera haberse detenido. Domingo es el d\u00eda de mercado en San Telmo, y es cuando el barrio exuda vida en cada rinc\u00f3n. Las multitudes toman la calle Defensa, para ver los productos que los artesanos locales tienen para ofrecer.<\/p>\n<ul>\n<li><strong>Poster Grande: 40 x 50 cm<\/strong><\/li>\n<li><strong>Poster Chico: 20 x 25 cm<br \/>\n<\/strong><\/li>\n<li><strong>Libreta: 10 x 14 cm \u2013 64 hojas blancas<br \/>\n<\/strong><\/li>\n<li><strong>Libreta A5: 15 x 21 cm<\/strong><\/li>\n<li><strong>Postal: 13 x 18 cm<\/strong><\/li>\n<li><strong>Im\u00e1n: 5 x 8 cm<\/strong><\/li>\n<li><strong>Tarjeta de Felicitaciones: 10,5 x 14 cm<\/strong><\/li>\n<\/ul>\n<p>Impresi\u00f3n de calidad en cuatro colores, sobre papel ilustraci\u00f3n de 250grs, acabado mate.<\/p>\n<p>Todos los posters se env\u00edan con un\u00a0<strong>tubo protector<\/strong>.<\/p>\n","protected":false},"featured_media":9731,"template":"","meta":[],"product_brand":[],"product_cat":[44],"product_tag":[],"class_list":{"0":"post-1297","1":"product","2":"type-product","3":"status-publish","4":"has-post-thumbnail","6":"product_cat-buenos-aires-es","8":"first","9":"instock","10":"shipping-taxable","11":"purchasable","12":"product-type-variable"},"_links":{"self":[{"href":"https:\/\/hoornvintage.com\/es\/wp-json\/wp\/v2\/product\/1297","targetHints":{"allow":["GET"]}}],"collection":[{"href":"https:\/\/hoornvintage.com\/es\/wp-json\/wp\/v2\/product"}],"about":[{"href":"https:\/\/hoornvintage.com\/es\/wp-json\/wp\/v2\/types\/product"}],"wp:featuredmedia":[{"embeddable":true,"href":"https:\/\/hoornvintage.com\/es\/wp-json\/wp\/v2\/media\/9731"}],"wp:attachment":[{"href":"https:\/\/hoornvintage.com\/es\/wp-json\/wp\/v2\/media?parent=1297"}],"wp:term":[{"taxonomy":"product_brand","embeddable":true,"href":"https:\/\/hoornvintage.com\/es\/wp-json\/wp\/v2\/product_brand?post=1297"},{"taxonomy":"product_cat","embeddable":true,"href":"https:\/\/hoornvintage.com\/es\/wp-json\/wp\/v2\/product_cat?post=1297"},{"taxonomy":"product_tag","embeddable":true,"href":"https:\/\/hoornvintage.com\/es\/wp-json\/wp\/v2\/product_tag?post=1297"}],"curies":[{"name":"wp","href":"https:\/\/api.w.org\/{rel}","templated":true}]}}