{"id":1303,"date":"2017-01-27T19:37:55","date_gmt":"2017-01-27T22:37:55","guid":{"rendered":"http:\/\/sd-1668696-h00001.ferozo.net\/product\/rio-de-la-plata-poster\/"},"modified":"2020-12-02T18:39:21","modified_gmt":"2020-12-02T21:39:21","slug":"rio-de-la-plata-poster","status":"publish","type":"product","link":"https:\/\/hoornvintage.com\/es\/producto\/rio-de-la-plata-poster\/","title":{"rendered":"R\u00edo de la Plata"},"content":{"rendered":"","protected":false},"excerpt":{"rendered":"<p>El R\u00edo de la Plata es conocido por ser el r\u00edo m\u00e1s ancho del mundo. El primer europeo que lo naveg\u00f3, Juan D\u00edaz de Sol\u00eds, lo describi\u00f3 como un mar dulce. Este r\u00edo divide Buenos Aires de su vecino Uruguay, y fue centro de acontecimientos famosos de la historia mundial. Uno de ellos sucedi\u00f3 durante la Segunda Guerra Mundial, cuando el destructor alem\u00e1n Graf Spee fue hundido en sus aguas. El R\u00edo de la Plata es una gran ruta comercial, pero sus aguas son tambi\u00e9n el hogar de gran cantidad de amantes del yatching.<\/p>\n<ul>\n<li><strong>Poster Grande: 40 x 50 cm<\/strong><\/li>\n<li><strong>Poster Chico: 20 x 25 cm<\/strong><strong><br \/>\n<\/strong><\/li>\n<li><strong>Postal: 13 x 18 cm<\/strong><\/li>\n<li><strong>Im\u00e1n: 5 x 8 cm<\/strong><\/li>\n<\/ul>\n<p>Impresi\u00f3n de calidad en cuatro colores, sobre papel ilustraci\u00f3n de 250grs, acabado mate.<\/p>\n<p>Todos los posters se env\u00edan con un\u00a0<strong>tubo protector<\/strong>.<\/p>\n","protected":false},"featured_media":9727,"template":"","meta":[],"product_brand":[],"product_cat":[44],"product_tag":[],"class_list":{"0":"post-1303","1":"product","2":"type-product","3":"status-publish","4":"has-post-thumbnail","6":"product_cat-buenos-aires-es","8":"first","9":"instock","10":"shipping-taxable","11":"purchasable","12":"product-type-variable"},"_links":{"self":[{"href":"https:\/\/hoornvintage.com\/es\/wp-json\/wp\/v2\/product\/1303","targetHints":{"allow":["GET"]}}],"collection":[{"href":"https:\/\/hoornvintage.com\/es\/wp-json\/wp\/v2\/product"}],"about":[{"href":"https:\/\/hoornvintage.com\/es\/wp-json\/wp\/v2\/types\/product"}],"wp:featuredmedia":[{"embeddable":true,"href":"https:\/\/hoornvintage.com\/es\/wp-json\/wp\/v2\/media\/9727"}],"wp:attachment":[{"href":"https:\/\/hoornvintage.com\/es\/wp-json\/wp\/v2\/media?parent=1303"}],"wp:term":[{"taxonomy":"product_brand","embeddable":true,"href":"https:\/\/hoornvintage.com\/es\/wp-json\/wp\/v2\/product_brand?post=1303"},{"taxonomy":"product_cat","embeddable":true,"href":"https:\/\/hoornvintage.com\/es\/wp-json\/wp\/v2\/product_cat?post=1303"},{"taxonomy":"product_tag","embeddable":true,"href":"https:\/\/hoornvintage.com\/es\/wp-json\/wp\/v2\/product_tag?post=1303"}],"curies":[{"name":"wp","href":"https:\/\/api.w.org\/{rel}","templated":true}]}}