{"id":1612,"date":"2019-10-10T14:55:16","date_gmt":"2019-10-10T17:55:16","guid":{"rendered":"http:\/\/sd-1668696-h00001.ferozo.net\/product\/beagle-channel-2\/"},"modified":"2021-01-08T14:14:08","modified_gmt":"2021-01-08T17:14:08","slug":"beagle-channel-canal-del-beagle","status":"publish","type":"product","link":"https:\/\/hoornvintage.com\/es\/producto\/beagle-channel-canal-del-beagle\/","title":{"rendered":"Beagle Channel (Canal del Beagle)"},"content":{"rendered":"","protected":false},"excerpt":{"rendered":"<p>El Canal Beagle es uno de los tres pasajes navegables en el extremo de Am\u00e9rica del Sur, entre los oc\u00e9anos Pac\u00edfico y Atl\u00e1ntico. Rico en historia, el Canal Beagle tambi\u00e9n es muy pintoresco y ofrece la posibilidad de ver abundante vida animal. No lejos de la ciudad m\u00e1s austral del mundo, Ushuaia, se encuentra el emblem\u00e1tico faro Les Eclaireurs, una vista casi obligada para quienes se aventuran hacia el fin del mundo.<\/p>\n<ul>\n<li><strong>Poster Grande: 40 x 50 cm<\/strong><strong><br \/>\n<\/strong><\/li>\n<li><strong>Libreta: 10 x 14 cm \u2013 64 hojas blancas<br \/>\n<\/strong><\/li>\n<li><strong>Postal: 13 x 18 cm<\/strong><\/li>\n<li><strong>Tarjeta de saludo: 10,5 x 14 cm<\/strong><\/li>\n<li><strong>Libreta A5: 15 x 21 cm<\/strong><\/li>\n<\/ul>\n<p>Impresi\u00f3n de calidad en cuatro colores, sobre papel ilustraci\u00f3n de 250grs, acabado mate.<\/p>\n<p>Todos los posters se env\u00edan con un\u00a0<strong>tubo protector<\/strong>.<\/p>\n","protected":false},"featured_media":9622,"template":"","meta":[],"product_brand":[],"product_cat":[43,42],"product_tag":[],"class_list":{"0":"post-1612","1":"product","2":"type-product","3":"status-publish","4":"has-post-thumbnail","6":"product_cat-argentina-highlights","7":"product_cat-patagonia-tierra-del-fuego-y-antartida","9":"first","10":"instock","11":"shipping-taxable","12":"purchasable","13":"product-type-variable"},"_links":{"self":[{"href":"https:\/\/hoornvintage.com\/es\/wp-json\/wp\/v2\/product\/1612","targetHints":{"allow":["GET"]}}],"collection":[{"href":"https:\/\/hoornvintage.com\/es\/wp-json\/wp\/v2\/product"}],"about":[{"href":"https:\/\/hoornvintage.com\/es\/wp-json\/wp\/v2\/types\/product"}],"wp:featuredmedia":[{"embeddable":true,"href":"https:\/\/hoornvintage.com\/es\/wp-json\/wp\/v2\/media\/9622"}],"wp:attachment":[{"href":"https:\/\/hoornvintage.com\/es\/wp-json\/wp\/v2\/media?parent=1612"}],"wp:term":[{"taxonomy":"product_brand","embeddable":true,"href":"https:\/\/hoornvintage.com\/es\/wp-json\/wp\/v2\/product_brand?post=1612"},{"taxonomy":"product_cat","embeddable":true,"href":"https:\/\/hoornvintage.com\/es\/wp-json\/wp\/v2\/product_cat?post=1612"},{"taxonomy":"product_tag","embeddable":true,"href":"https:\/\/hoornvintage.com\/es\/wp-json\/wp\/v2\/product_tag?post=1612"}],"curies":[{"name":"wp","href":"https:\/\/api.w.org\/{rel}","templated":true}]}}