{"id":1637,"date":"2019-10-10T15:14:16","date_gmt":"2019-10-10T18:14:16","guid":{"rendered":"http:\/\/sd-1668696-h00001.ferozo.net\/product\/puerto-madero\/"},"modified":"2020-12-02T18:23:16","modified_gmt":"2020-12-02T21:23:16","slug":"puerto-madero","status":"publish","type":"product","link":"https:\/\/hoornvintage.com\/es\/producto\/puerto-madero\/","title":{"rendered":"Puerto Madero"},"content":{"rendered":"","protected":false},"excerpt":{"rendered":"<p>Puerto Madero es uno de los cuarenta y ocho barrios de la ciudad de Buenos Aires. Su elegantes caf\u00e9s y restaurantes, y su cercan\u00eda al r\u00edo y a la Reserva Ecol\u00f3gica Costanera Sur, hacen que este sea uno de los lugares m\u00e1s visitados de la ciudad.<\/p>\n<ul>\n<li><strong>Poster Grande: 40 x 50cm<\/strong><\/li>\n<li><strong>Libreta: 10 x 14 cm \u2013 64 hojas blancas<br \/>\n<\/strong><\/li>\n<li><strong>Postal: 13 x 18 cm<\/strong><\/li>\n<\/ul>\n<p>Impresi\u00f3n de calidad en cuatro colores, sobre papel ilustraci\u00f3n de 250grs, acabado mate.<\/p>\n<p>Todos los posters se env\u00edan con un\u00a0<strong>tubo protector<\/strong>.<\/p>\n","protected":false},"featured_media":9721,"template":"","meta":[],"product_brand":[],"product_cat":[44],"product_tag":[],"class_list":{"0":"post-1637","1":"product","2":"type-product","3":"status-publish","4":"has-post-thumbnail","6":"product_cat-buenos-aires-es","8":"first","9":"instock","10":"shipping-taxable","11":"purchasable","12":"product-type-variable"},"_links":{"self":[{"href":"https:\/\/hoornvintage.com\/es\/wp-json\/wp\/v2\/product\/1637","targetHints":{"allow":["GET"]}}],"collection":[{"href":"https:\/\/hoornvintage.com\/es\/wp-json\/wp\/v2\/product"}],"about":[{"href":"https:\/\/hoornvintage.com\/es\/wp-json\/wp\/v2\/types\/product"}],"wp:featuredmedia":[{"embeddable":true,"href":"https:\/\/hoornvintage.com\/es\/wp-json\/wp\/v2\/media\/9721"}],"wp:attachment":[{"href":"https:\/\/hoornvintage.com\/es\/wp-json\/wp\/v2\/media?parent=1637"}],"wp:term":[{"taxonomy":"product_brand","embeddable":true,"href":"https:\/\/hoornvintage.com\/es\/wp-json\/wp\/v2\/product_brand?post=1637"},{"taxonomy":"product_cat","embeddable":true,"href":"https:\/\/hoornvintage.com\/es\/wp-json\/wp\/v2\/product_cat?post=1637"},{"taxonomy":"product_tag","embeddable":true,"href":"https:\/\/hoornvintage.com\/es\/wp-json\/wp\/v2\/product_tag?post=1637"}],"curies":[{"name":"wp","href":"https:\/\/api.w.org\/{rel}","templated":true}]}}