{"id":1646,"date":"2019-10-10T15:21:32","date_gmt":"2019-10-10T18:21:32","guid":{"rendered":"http:\/\/sd-1668696-h00001.ferozo.net\/product\/calle-de-los-suspiros\/"},"modified":"2020-12-02T18:22:38","modified_gmt":"2020-12-02T21:22:38","slug":"calle-de-los-suspiros","status":"publish","type":"product","link":"https:\/\/hoornvintage.com\/es\/producto\/calle-de-los-suspiros\/","title":{"rendered":"Calle de los Suspiros"},"content":{"rendered":"","protected":false},"excerpt":{"rendered":"<p>La Calle de los Suspiros est\u00e1 ubicada en el caso hist\u00f3rico de Colonia de Sacramento, Uruguay. Hay diferentes historias acerca del por qu\u00e9 de su nombre, si bien no se conoce cu\u00e1l de ellas es la verdadera. De lo que s\u00ed hay certidumbre, es que esta es una de las mayores atracciones de la antigua ciudad colonial.<\/p>\n<ul>\n<li><strong>Poster Grande: 40 x 50cm<\/strong><\/li>\n<li><strong>Im\u00e1n: 8 x 5,3 cm<br \/>\n<\/strong><\/li>\n<li><strong>Postal: 13 x 18 cm<\/strong><\/li>\n<\/ul>\n<p>Impresi\u00f3n de calidad en cuatro colores, sobre papel ilustraci\u00f3n de 250grs, acabado mate.<\/p>\n<p>Todos los posters se env\u00edan con un\u00a0<strong>tubo protector<\/strong>.<\/p>\n","protected":false},"featured_media":10077,"template":"","meta":[],"product_brand":[],"product_cat":[87],"product_tag":[],"class_list":{"0":"post-1646","1":"product","2":"type-product","3":"status-publish","4":"has-post-thumbnail","6":"product_cat-latinoamerica-highlights","8":"first","9":"instock","10":"shipping-taxable","11":"purchasable","12":"product-type-variable"},"_links":{"self":[{"href":"https:\/\/hoornvintage.com\/es\/wp-json\/wp\/v2\/product\/1646","targetHints":{"allow":["GET"]}}],"collection":[{"href":"https:\/\/hoornvintage.com\/es\/wp-json\/wp\/v2\/product"}],"about":[{"href":"https:\/\/hoornvintage.com\/es\/wp-json\/wp\/v2\/types\/product"}],"wp:featuredmedia":[{"embeddable":true,"href":"https:\/\/hoornvintage.com\/es\/wp-json\/wp\/v2\/media\/10077"}],"wp:attachment":[{"href":"https:\/\/hoornvintage.com\/es\/wp-json\/wp\/v2\/media?parent=1646"}],"wp:term":[{"taxonomy":"product_brand","embeddable":true,"href":"https:\/\/hoornvintage.com\/es\/wp-json\/wp\/v2\/product_brand?post=1646"},{"taxonomy":"product_cat","embeddable":true,"href":"https:\/\/hoornvintage.com\/es\/wp-json\/wp\/v2\/product_cat?post=1646"},{"taxonomy":"product_tag","embeddable":true,"href":"https:\/\/hoornvintage.com\/es\/wp-json\/wp\/v2\/product_tag?post=1646"}],"curies":[{"name":"wp","href":"https:\/\/api.w.org\/{rel}","templated":true}]}}