{"id":1656,"date":"2019-10-10T15:35:08","date_gmt":"2019-10-10T18:35:08","guid":{"rendered":"http:\/\/sd-1668696-h00001.ferozo.net\/product\/juan-manuel-fangio-nurbungring-1957\/"},"modified":"2020-12-02T18:22:11","modified_gmt":"2020-12-02T21:22:11","slug":"juan-manuel-fangio-nurbungring-1957","status":"publish","type":"product","link":"https:\/\/hoornvintage.com\/es\/producto\/juan-manuel-fangio-nurbungring-1957\/","title":{"rendered":"Juan Manuel Fangio \u2013 N\u00fcrbungring 1957"},"content":{"rendered":"","protected":false},"excerpt":{"rendered":"<p>Si hubiese que elegir la carrera m\u00e1s heroica en la vida de Juan Manuel Fangio, sin duda esa ser\u00eda aquella que tuvo lugar en N\u00fcrbungring, Alemania, en 1957. En ella consigui\u00f3 una victoria de dimensiones \u00e9picas, que lo coronar\u00eda, a su vez, con su quinto t\u00edtulo mundial de F\u00f3rmula 1.<\/p>\n<ul>\n<li><strong>Poster Grande: 40 x 50cm<\/strong><\/li>\n<\/ul>\n<p>Impresi\u00f3n de calidad en cuatro colores, sobre papel ilustraci\u00f3n de 250grs, acabado mate.<\/p>\n<p>Todos los posters se env\u00edan con un\u00a0<strong>tubo protector<\/strong>.<\/p>\n","protected":false},"featured_media":9910,"template":"","meta":[],"product_brand":[],"product_cat":[75],"product_tag":[],"class_list":{"0":"post-1656","1":"product","2":"type-product","3":"status-publish","4":"has-post-thumbnail","6":"product_cat-eventos-especiales","8":"first","9":"instock","10":"shipping-taxable","11":"purchasable","12":"product-type-variable"},"_links":{"self":[{"href":"https:\/\/hoornvintage.com\/es\/wp-json\/wp\/v2\/product\/1656","targetHints":{"allow":["GET"]}}],"collection":[{"href":"https:\/\/hoornvintage.com\/es\/wp-json\/wp\/v2\/product"}],"about":[{"href":"https:\/\/hoornvintage.com\/es\/wp-json\/wp\/v2\/types\/product"}],"wp:featuredmedia":[{"embeddable":true,"href":"https:\/\/hoornvintage.com\/es\/wp-json\/wp\/v2\/media\/9910"}],"wp:attachment":[{"href":"https:\/\/hoornvintage.com\/es\/wp-json\/wp\/v2\/media?parent=1656"}],"wp:term":[{"taxonomy":"product_brand","embeddable":true,"href":"https:\/\/hoornvintage.com\/es\/wp-json\/wp\/v2\/product_brand?post=1656"},{"taxonomy":"product_cat","embeddable":true,"href":"https:\/\/hoornvintage.com\/es\/wp-json\/wp\/v2\/product_cat?post=1656"},{"taxonomy":"product_tag","embeddable":true,"href":"https:\/\/hoornvintage.com\/es\/wp-json\/wp\/v2\/product_tag?post=1656"}],"curies":[{"name":"wp","href":"https:\/\/api.w.org\/{rel}","templated":true}]}}