{"id":1665,"date":"2019-10-10T15:42:29","date_gmt":"2019-10-10T18:42:29","guid":{"rendered":"http:\/\/sd-1668696-h00001.ferozo.net\/product\/eva-peron\/"},"modified":"2020-12-02T18:21:45","modified_gmt":"2020-12-02T21:21:45","slug":"eva-peron","status":"publish","type":"product","link":"https:\/\/hoornvintage.com\/es\/producto\/eva-peron\/","title":{"rendered":"Eva Per\u00f3n"},"content":{"rendered":"","protected":false},"excerpt":{"rendered":"<p>Eva Per\u00f3n, m\u00e1s conocida como \u201cEvita\u201c, fue un personaje clave en la historia argentina. Actriz en sus or\u00edgenes, Evita se convirti\u00f3 luego en una gran dirigente pol\u00edtica, destac\u00e1ndose por su constante acci\u00f3n social hacia los grupos m\u00e1s carenciados.<\/p>\n<ul>\n<li><strong>Poster Grande: 40 x 50cm<\/strong><\/li>\n<li><strong>Libreta: 10 x 14 cm \u2013 64 hojas blancas<br \/>\n<\/strong><\/li>\n<li><strong>Postal: 13 x 18 cm<\/strong><\/li>\n<\/ul>\n<p>Impresi\u00f3n de calidad en cuatro colores, sobre papel ilustraci\u00f3n de 250grs, acabado mate.<\/p>\n<p>Todos los posters se env\u00edan con un\u00a0<strong>tubo protector<\/strong>.<\/p>\n","protected":false},"featured_media":9848,"template":"","meta":[],"product_brand":[],"product_cat":[45],"product_tag":[],"class_list":{"0":"post-1665","1":"product","2":"type-product","3":"status-publish","4":"has-post-thumbnail","6":"product_cat-iconos-populares","8":"first","9":"instock","10":"shipping-taxable","11":"purchasable","12":"product-type-variable"},"_links":{"self":[{"href":"https:\/\/hoornvintage.com\/es\/wp-json\/wp\/v2\/product\/1665","targetHints":{"allow":["GET"]}}],"collection":[{"href":"https:\/\/hoornvintage.com\/es\/wp-json\/wp\/v2\/product"}],"about":[{"href":"https:\/\/hoornvintage.com\/es\/wp-json\/wp\/v2\/types\/product"}],"wp:featuredmedia":[{"embeddable":true,"href":"https:\/\/hoornvintage.com\/es\/wp-json\/wp\/v2\/media\/9848"}],"wp:attachment":[{"href":"https:\/\/hoornvintage.com\/es\/wp-json\/wp\/v2\/media?parent=1665"}],"wp:term":[{"taxonomy":"product_brand","embeddable":true,"href":"https:\/\/hoornvintage.com\/es\/wp-json\/wp\/v2\/product_brand?post=1665"},{"taxonomy":"product_cat","embeddable":true,"href":"https:\/\/hoornvintage.com\/es\/wp-json\/wp\/v2\/product_cat?post=1665"},{"taxonomy":"product_tag","embeddable":true,"href":"https:\/\/hoornvintage.com\/es\/wp-json\/wp\/v2\/product_tag?post=1665"}],"curies":[{"name":"wp","href":"https:\/\/api.w.org\/{rel}","templated":true}]}}