{"id":1673,"date":"2019-10-10T15:47:17","date_gmt":"2019-10-10T18:47:17","guid":{"rendered":"http:\/\/sd-1668696-h00001.ferozo.net\/product\/cape-horn\/"},"modified":"2020-12-02T17:36:02","modified_gmt":"2020-12-02T20:36:02","slug":"cape-horn-cabo-de-hornos","status":"publish","type":"product","link":"https:\/\/hoornvintage.com\/es\/producto\/cape-horn-cabo-de-hornos\/","title":{"rendered":"Cape Horn (Cabo de Hornos)"},"content":{"rendered":"","protected":false},"excerpt":{"rendered":"<p>El cabo de Hornos marca el l\u00edmite norte del Pasaje de Drake, que separa a Am\u00e9rica de Ant\u00e1rtida. Fue descubierto en el a\u00f1o 1616, por los navegantes holandeses Le Maire y Schouten, quienes lo bautizaron \u201cHoorn\u201c, en honor al puerto de partida y a una de las dos naves de la expedici\u00f3n. Doblar el cabo a\u00fan est\u00e1 considerado como uno de los mayores retos n\u00e1uticos, sobre todo para los amantes de la navegaci\u00f3n a vela.<\/p>\n<ul>\n<li><strong>Poster Grande: 40 x 50cm<\/strong><\/li>\n<li><strong>Libreta: 10 x 14 cm \u2013 64 hojas blancas<\/strong><\/li>\n<li><strong>Postal: 13 x 18 cm<\/strong><\/li>\n<\/ul>\n<p>Impresi\u00f3n de calidad en cuatro colores, sobre papel ilustraci\u00f3n de 250grs, acabado mate.<\/p>\n<p>Todos los posters se env\u00edan con un <strong>tubo protector<\/strong>.<\/p>\n","protected":false},"featured_media":9780,"template":"","meta":[],"product_brand":[],"product_cat":[42],"product_tag":[],"class_list":{"0":"post-1673","1":"product","2":"type-product","3":"status-publish","4":"has-post-thumbnail","6":"product_cat-patagonia-tierra-del-fuego-y-antartida","8":"first","9":"instock","10":"shipping-taxable","11":"purchasable","12":"product-type-variable"},"_links":{"self":[{"href":"https:\/\/hoornvintage.com\/es\/wp-json\/wp\/v2\/product\/1673","targetHints":{"allow":["GET"]}}],"collection":[{"href":"https:\/\/hoornvintage.com\/es\/wp-json\/wp\/v2\/product"}],"about":[{"href":"https:\/\/hoornvintage.com\/es\/wp-json\/wp\/v2\/types\/product"}],"wp:featuredmedia":[{"embeddable":true,"href":"https:\/\/hoornvintage.com\/es\/wp-json\/wp\/v2\/media\/9780"}],"wp:attachment":[{"href":"https:\/\/hoornvintage.com\/es\/wp-json\/wp\/v2\/media?parent=1673"}],"wp:term":[{"taxonomy":"product_brand","embeddable":true,"href":"https:\/\/hoornvintage.com\/es\/wp-json\/wp\/v2\/product_brand?post=1673"},{"taxonomy":"product_cat","embeddable":true,"href":"https:\/\/hoornvintage.com\/es\/wp-json\/wp\/v2\/product_cat?post=1673"},{"taxonomy":"product_tag","embeddable":true,"href":"https:\/\/hoornvintage.com\/es\/wp-json\/wp\/v2\/product_tag?post=1673"}],"curies":[{"name":"wp","href":"https:\/\/api.w.org\/{rel}","templated":true}]}}