{"id":1681,"date":"2019-10-10T15:52:59","date_gmt":"2019-10-10T18:52:59","guid":{"rendered":"http:\/\/sd-1668696-h00001.ferozo.net\/product\/torres-del-paine\/"},"modified":"2020-12-02T17:33:01","modified_gmt":"2020-12-02T20:33:01","slug":"torres-del-paine","status":"publish","type":"product","link":"https:\/\/hoornvintage.com\/es\/producto\/torres-del-paine\/","title":{"rendered":"Torres del Paine"},"content":{"rendered":"","protected":false},"excerpt":{"rendered":"<p>El Parque Nacional Torres del Paine abarca monta\u00f1as, glaciares, lagos y r\u00edos, y se encuentra en el sur de Patagonia Chilena. Conocido internacionalmente por la belleza esc\u00e9nica de su entorno, recibe cientos de miles de visitantes anualmente.<\/p>\n<p>Desde 1978, el \u00e1rea fue incorporada como reserva de la biosfera por la UNESCO.<\/p>\n<ul>\n<li><strong>Poster Grande: 40 x 50cm<\/strong><\/li>\n<li><strong>Libreta: 10 x 14 cm \u2013 64 hojas blancas<br \/>\n<\/strong><\/li>\n<li><strong>Postal: 13 x 18 cm<\/strong><\/li>\n<li><strong>Tarjeta de Felicitacions: 10,5 x 14 cm<\/strong><\/li>\n<\/ul>\n<p>Impresi\u00f3n de calidad en cuatro colores, sobre papel ilustraci\u00f3n de 250grs, acabado mate.<\/p>\n<p>Todos los posters se env\u00edan con un <strong>tubo protector<\/strong>.<\/p>\n","protected":false},"featured_media":9818,"template":"","meta":[],"product_brand":[],"product_cat":[42],"product_tag":[],"class_list":{"0":"post-1681","1":"product","2":"type-product","3":"status-publish","4":"has-post-thumbnail","6":"product_cat-patagonia-tierra-del-fuego-y-antartida","8":"first","9":"instock","10":"shipping-taxable","11":"purchasable","12":"product-type-variable"},"_links":{"self":[{"href":"https:\/\/hoornvintage.com\/es\/wp-json\/wp\/v2\/product\/1681","targetHints":{"allow":["GET"]}}],"collection":[{"href":"https:\/\/hoornvintage.com\/es\/wp-json\/wp\/v2\/product"}],"about":[{"href":"https:\/\/hoornvintage.com\/es\/wp-json\/wp\/v2\/types\/product"}],"wp:featuredmedia":[{"embeddable":true,"href":"https:\/\/hoornvintage.com\/es\/wp-json\/wp\/v2\/media\/9818"}],"wp:attachment":[{"href":"https:\/\/hoornvintage.com\/es\/wp-json\/wp\/v2\/media?parent=1681"}],"wp:term":[{"taxonomy":"product_brand","embeddable":true,"href":"https:\/\/hoornvintage.com\/es\/wp-json\/wp\/v2\/product_brand?post=1681"},{"taxonomy":"product_cat","embeddable":true,"href":"https:\/\/hoornvintage.com\/es\/wp-json\/wp\/v2\/product_cat?post=1681"},{"taxonomy":"product_tag","embeddable":true,"href":"https:\/\/hoornvintage.com\/es\/wp-json\/wp\/v2\/product_tag?post=1681"}],"curies":[{"name":"wp","href":"https:\/\/api.w.org\/{rel}","templated":true}]}}