{"id":1736,"date":"2019-10-23T17:03:35","date_gmt":"2019-10-23T20:03:35","guid":{"rendered":"http:\/\/sd-1668696-h00001.ferozo.net\/product\/antartida\/"},"modified":"2020-12-02T17:32:01","modified_gmt":"2020-12-02T20:32:01","slug":"antartida","status":"publish","type":"product","link":"https:\/\/hoornvintage.com\/es\/producto\/antartida\/","title":{"rendered":"Ant\u00e1rtida"},"content":{"rendered":"","protected":false},"excerpt":{"rendered":"<p>La Ant\u00e1rtida, el \u00faltimo de los continentes en ser descubiertos, es un para\u00edso para los amantes de las maravillas de la naturaleza y de la vida animal. Ballenas, focas y, por supuesto, ping\u00fcinos, pueblan las costas de este mundo de glaciares y t\u00e9mpanos a la deriva.<\/p>\n<ul>\n<li><strong>Poster Grande: 40 x 50cm<\/strong><\/li>\n<\/ul>\n<p>Impresi\u00f3n de calidad en cuatro colores, sobre papel ilustraci\u00f3n de 250grs, acabado mate.<\/p>\n<p>Todos los posters se env\u00edan con un <strong>tubo protector<\/strong>.<\/p>\n","protected":false},"featured_media":9612,"template":"","meta":[],"product_brand":[],"product_cat":[42],"product_tag":[],"class_list":{"0":"post-1736","1":"product","2":"type-product","3":"status-publish","4":"has-post-thumbnail","6":"product_cat-patagonia-tierra-del-fuego-y-antartida","8":"first","9":"instock","10":"shipping-taxable","11":"purchasable","12":"product-type-variable"},"_links":{"self":[{"href":"https:\/\/hoornvintage.com\/es\/wp-json\/wp\/v2\/product\/1736","targetHints":{"allow":["GET"]}}],"collection":[{"href":"https:\/\/hoornvintage.com\/es\/wp-json\/wp\/v2\/product"}],"about":[{"href":"https:\/\/hoornvintage.com\/es\/wp-json\/wp\/v2\/types\/product"}],"wp:featuredmedia":[{"embeddable":true,"href":"https:\/\/hoornvintage.com\/es\/wp-json\/wp\/v2\/media\/9612"}],"wp:attachment":[{"href":"https:\/\/hoornvintage.com\/es\/wp-json\/wp\/v2\/media?parent=1736"}],"wp:term":[{"taxonomy":"product_brand","embeddable":true,"href":"https:\/\/hoornvintage.com\/es\/wp-json\/wp\/v2\/product_brand?post=1736"},{"taxonomy":"product_cat","embeddable":true,"href":"https:\/\/hoornvintage.com\/es\/wp-json\/wp\/v2\/product_cat?post=1736"},{"taxonomy":"product_tag","embeddable":true,"href":"https:\/\/hoornvintage.com\/es\/wp-json\/wp\/v2\/product_tag?post=1736"}],"curies":[{"name":"wp","href":"https:\/\/api.w.org\/{rel}","templated":true}]}}