{"id":1744,"date":"2019-10-23T17:09:42","date_gmt":"2019-10-23T20:09:42","guid":{"rendered":"http:\/\/sd-1668696-h00001.ferozo.net\/product\/clint-eastwood\/"},"modified":"2020-12-02T17:31:33","modified_gmt":"2020-12-02T20:31:33","slug":"clint-eastwood","status":"publish","type":"product","link":"https:\/\/hoornvintage.com\/es\/producto\/clint-eastwood\/","title":{"rendered":"Clint Eastwood"},"content":{"rendered":"","protected":false},"excerpt":{"rendered":"<p>Actor, director, productor, pareciera que no hay nada que esta talentosa estrella de Hollywood no pueda hacer. Una de sus im\u00e1genes m\u00e1s ic\u00f3nicas es aquella del el \u201cEl bueno, el malo y el feo\u201c, que presentamos aqu\u00ed, en el cl\u00e1sico estilo de Francisco Inchausti.<\/p>\n<ul>\n<li><strong>Poster Grande: 40 x 50cm<\/strong><\/li>\n<\/ul>\n<p>Impresi\u00f3n de calidad en cuatro colores, sobre papel ilustraci\u00f3n de 250grs, acabado mate.<\/p>\n<p>Todos los posters se env\u00edan con un <strong>tubo protector<\/strong>.<\/p>\n","protected":false},"featured_media":9834,"template":"","meta":[],"product_brand":[],"product_cat":[45],"product_tag":[],"class_list":{"0":"post-1744","1":"product","2":"type-product","3":"status-publish","4":"has-post-thumbnail","6":"product_cat-iconos-populares","8":"first","9":"instock","10":"shipping-taxable","11":"purchasable","12":"product-type-variable"},"_links":{"self":[{"href":"https:\/\/hoornvintage.com\/es\/wp-json\/wp\/v2\/product\/1744","targetHints":{"allow":["GET"]}}],"collection":[{"href":"https:\/\/hoornvintage.com\/es\/wp-json\/wp\/v2\/product"}],"about":[{"href":"https:\/\/hoornvintage.com\/es\/wp-json\/wp\/v2\/types\/product"}],"wp:featuredmedia":[{"embeddable":true,"href":"https:\/\/hoornvintage.com\/es\/wp-json\/wp\/v2\/media\/9834"}],"wp:attachment":[{"href":"https:\/\/hoornvintage.com\/es\/wp-json\/wp\/v2\/media?parent=1744"}],"wp:term":[{"taxonomy":"product_brand","embeddable":true,"href":"https:\/\/hoornvintage.com\/es\/wp-json\/wp\/v2\/product_brand?post=1744"},{"taxonomy":"product_cat","embeddable":true,"href":"https:\/\/hoornvintage.com\/es\/wp-json\/wp\/v2\/product_cat?post=1744"},{"taxonomy":"product_tag","embeddable":true,"href":"https:\/\/hoornvintage.com\/es\/wp-json\/wp\/v2\/product_tag?post=1744"}],"curies":[{"name":"wp","href":"https:\/\/api.w.org\/{rel}","templated":true}]}}