{"id":1752,"date":"2019-10-23T17:14:10","date_gmt":"2019-10-23T20:14:10","guid":{"rendered":"http:\/\/sd-1668696-h00001.ferozo.net\/product\/diego-maradona\/"},"modified":"2021-06-15T13:03:10","modified_gmt":"2021-06-15T16:03:10","slug":"diego-maradona","status":"publish","type":"product","link":"https:\/\/hoornvintage.com\/es\/producto\/diego-maradona\/","title":{"rendered":"Diego Maradona"},"content":{"rendered":"","protected":false},"excerpt":{"rendered":"<p>Diego Maradona, uno de los m\u00e1s grandes jugadores de f\u00fatbol de todos los tiempos, es un \u00edcono de la cultura popular Argentina. Con sus grandes haza\u00f1as deportivas, ha sido el h\u00e9roe de muchas generaciones.<\/p>\n<ul>\n<li><strong>Poster Grande: 40 x 50cm<\/strong><\/li>\n<li><strong>Postal: 13 x 18 cm<\/strong><\/li>\n<\/ul>\n<p>Impresi\u00f3n de calidad en cuatro colores, sobre papel ilustraci\u00f3n de 250grs, acabado mate.<\/p>\n<p>Todos los posters se env\u00edan con un <strong>tubo protector<\/strong>.<\/p>\n","protected":false},"featured_media":9838,"template":"","meta":[],"product_brand":[],"product_cat":[45],"product_tag":[],"class_list":{"0":"post-1752","1":"product","2":"type-product","3":"status-publish","4":"has-post-thumbnail","6":"product_cat-iconos-populares","8":"first","9":"instock","10":"shipping-taxable","11":"purchasable","12":"product-type-variable"},"_links":{"self":[{"href":"https:\/\/hoornvintage.com\/es\/wp-json\/wp\/v2\/product\/1752","targetHints":{"allow":["GET"]}}],"collection":[{"href":"https:\/\/hoornvintage.com\/es\/wp-json\/wp\/v2\/product"}],"about":[{"href":"https:\/\/hoornvintage.com\/es\/wp-json\/wp\/v2\/types\/product"}],"wp:featuredmedia":[{"embeddable":true,"href":"https:\/\/hoornvintage.com\/es\/wp-json\/wp\/v2\/media\/9838"}],"wp:attachment":[{"href":"https:\/\/hoornvintage.com\/es\/wp-json\/wp\/v2\/media?parent=1752"}],"wp:term":[{"taxonomy":"product_brand","embeddable":true,"href":"https:\/\/hoornvintage.com\/es\/wp-json\/wp\/v2\/product_brand?post=1752"},{"taxonomy":"product_cat","embeddable":true,"href":"https:\/\/hoornvintage.com\/es\/wp-json\/wp\/v2\/product_cat?post=1752"},{"taxonomy":"product_tag","embeddable":true,"href":"https:\/\/hoornvintage.com\/es\/wp-json\/wp\/v2\/product_tag?post=1752"}],"curies":[{"name":"wp","href":"https:\/\/api.w.org\/{rel}","templated":true}]}}