{"id":2002,"date":"2019-11-13T12:19:11","date_gmt":"2019-11-13T15:19:11","guid":{"rendered":"http:\/\/sd-1668696-h00001.ferozo.net\/product\/argentina-highlights-pack-7-postales\/"},"modified":"2020-12-02T17:30:34","modified_gmt":"2020-12-02T20:30:34","slug":"argentina-highlights-pack-7-postales","status":"publish","type":"product","link":"https:\/\/hoornvintage.com\/es\/producto\/argentina-highlights-pack-7-postales\/","title":{"rendered":"Argentina Highlights &#8211; Pack 7 Postales"},"content":{"rendered":"","protected":false},"excerpt":{"rendered":"<p>Este pack de postales incluye una cuidada selecci\u00f3n de algunos de los lugares m\u00e1s emblem\u00e1ticos de la Argentina.<\/p>\n<ul>\n<li><strong>7 Postales: 13 x 18 cm<\/strong><\/li>\n<\/ul>\n<p>Impresi\u00f3n de calidad en cuatro colores, sobre\u00a0 cartulina triplex mate de 340 grs.<\/p>\n<p>&nbsp;<\/p>\n","protected":false},"featured_media":9599,"template":"","meta":[],"product_brand":[],"product_cat":[43],"product_tag":[],"class_list":{"0":"post-2002","1":"product","2":"type-product","3":"status-publish","4":"has-post-thumbnail","6":"product_cat-argentina-highlights","8":"first","9":"instock","10":"shipping-taxable","11":"purchasable","12":"product-type-simple"},"_links":{"self":[{"href":"https:\/\/hoornvintage.com\/es\/wp-json\/wp\/v2\/product\/2002","targetHints":{"allow":["GET"]}}],"collection":[{"href":"https:\/\/hoornvintage.com\/es\/wp-json\/wp\/v2\/product"}],"about":[{"href":"https:\/\/hoornvintage.com\/es\/wp-json\/wp\/v2\/types\/product"}],"wp:featuredmedia":[{"embeddable":true,"href":"https:\/\/hoornvintage.com\/es\/wp-json\/wp\/v2\/media\/9599"}],"wp:attachment":[{"href":"https:\/\/hoornvintage.com\/es\/wp-json\/wp\/v2\/media?parent=2002"}],"wp:term":[{"taxonomy":"product_brand","embeddable":true,"href":"https:\/\/hoornvintage.com\/es\/wp-json\/wp\/v2\/product_brand?post=2002"},{"taxonomy":"product_cat","embeddable":true,"href":"https:\/\/hoornvintage.com\/es\/wp-json\/wp\/v2\/product_cat?post=2002"},{"taxonomy":"product_tag","embeddable":true,"href":"https:\/\/hoornvintage.com\/es\/wp-json\/wp\/v2\/product_tag?post=2002"}],"curies":[{"name":"wp","href":"https:\/\/api.w.org\/{rel}","templated":true}]}}