{"id":2011,"date":"2019-11-13T12:54:55","date_gmt":"2019-11-13T15:54:55","guid":{"rendered":"http:\/\/sd-1668696-h00001.ferozo.net\/product\/colonia-highlights-pack-7-postales\/"},"modified":"2020-12-02T17:29:53","modified_gmt":"2020-12-02T20:29:53","slug":"colonia-highlights-pack-7-postales","status":"publish","type":"product","link":"https:\/\/hoornvintage.com\/es\/producto\/colonia-highlights-pack-7-postales\/","title":{"rendered":"Colonia Highlights &#8211; Pack 7 Postales"},"content":{"rendered":"","protected":false},"excerpt":{"rendered":"<p>Este pack de postales comprende los lugares m\u00e1s ic\u00f3nicos del centro hist\u00f3rico de la antigua ciudad de Colonia, Uruguay.<\/p>\n<ul>\n<li><strong>7 Postales: 13 x 18 cm<\/strong><\/li>\n<\/ul>\n<p>Impresi\u00f3n de calidad en cuatro colores, sobre\u00a0 cartulina triplex mate de 340 grs.<\/p>\n","protected":false},"featured_media":10073,"template":"","meta":[],"product_brand":[],"product_cat":[87],"product_tag":[],"class_list":{"0":"post-2011","1":"product","2":"type-product","3":"status-publish","4":"has-post-thumbnail","6":"product_cat-latinoamerica-highlights","8":"first","9":"instock","10":"shipping-taxable","11":"purchasable","12":"product-type-simple"},"_links":{"self":[{"href":"https:\/\/hoornvintage.com\/es\/wp-json\/wp\/v2\/product\/2011","targetHints":{"allow":["GET"]}}],"collection":[{"href":"https:\/\/hoornvintage.com\/es\/wp-json\/wp\/v2\/product"}],"about":[{"href":"https:\/\/hoornvintage.com\/es\/wp-json\/wp\/v2\/types\/product"}],"wp:featuredmedia":[{"embeddable":true,"href":"https:\/\/hoornvintage.com\/es\/wp-json\/wp\/v2\/media\/10073"}],"wp:attachment":[{"href":"https:\/\/hoornvintage.com\/es\/wp-json\/wp\/v2\/media?parent=2011"}],"wp:term":[{"taxonomy":"product_brand","embeddable":true,"href":"https:\/\/hoornvintage.com\/es\/wp-json\/wp\/v2\/product_brand?post=2011"},{"taxonomy":"product_cat","embeddable":true,"href":"https:\/\/hoornvintage.com\/es\/wp-json\/wp\/v2\/product_cat?post=2011"},{"taxonomy":"product_tag","embeddable":true,"href":"https:\/\/hoornvintage.com\/es\/wp-json\/wp\/v2\/product_tag?post=2011"}],"curies":[{"name":"wp","href":"https:\/\/api.w.org\/{rel}","templated":true}]}}