{"id":6173,"date":"2020-02-17T17:19:41","date_gmt":"2020-02-17T20:19:43","guid":{"rendered":"https:\/\/hoornvintage.com\/?post_type=product&#038;p=6173"},"modified":"2020-12-02T17:25:37","modified_gmt":"2020-12-02T20:25:37","slug":"machu-picchu","status":"publish","type":"product","link":"https:\/\/hoornvintage.com\/es\/producto\/machu-picchu\/","title":{"rendered":"Machu Picchu"},"content":{"rendered":"","protected":false},"excerpt":{"rendered":"<p>Machu Picchu es una ciudadela Inca ubicada en las alturas de las monta\u00f1as de los Andes en Per\u00fa, sobre el valle del r\u00edo Urubamba. Se construy\u00f3 en el siglo XV y luego fue abandonada, y es famosa por sus sofisticadas paredes de piedra seca que combinan enormes bloques sin el uso de un mortero, los edificios fascinantes que se relacionan con las alineaciones astron\u00f3micas y sus vistas panor\u00e1micas.<\/p>\n<ul>\n<li><strong>Poster Grande: 40 x 50cm<\/strong><\/li>\n<li><strong>Postal: 13 x 18 cm<\/strong><\/li>\n<\/ul>\n<p>Impresi\u00f3n de calidad en cuatro colores, sobre papel ilustraci\u00f3n de 250grs, acabado mate.<\/p>\n<p>Todos los posters se env\u00edan con un <strong>tubo protector<\/strong>.<\/p>\n","protected":false},"featured_media":9755,"template":"","meta":[],"product_brand":[],"product_cat":[87],"product_tag":[],"class_list":{"0":"post-6173","1":"product","2":"type-product","3":"status-publish","4":"has-post-thumbnail","6":"product_cat-latinoamerica-highlights","8":"first","9":"instock","10":"shipping-taxable","11":"purchasable","12":"product-type-variable"},"_links":{"self":[{"href":"https:\/\/hoornvintage.com\/es\/wp-json\/wp\/v2\/product\/6173","targetHints":{"allow":["GET"]}}],"collection":[{"href":"https:\/\/hoornvintage.com\/es\/wp-json\/wp\/v2\/product"}],"about":[{"href":"https:\/\/hoornvintage.com\/es\/wp-json\/wp\/v2\/types\/product"}],"wp:featuredmedia":[{"embeddable":true,"href":"https:\/\/hoornvintage.com\/es\/wp-json\/wp\/v2\/media\/9755"}],"wp:attachment":[{"href":"https:\/\/hoornvintage.com\/es\/wp-json\/wp\/v2\/media?parent=6173"}],"wp:term":[{"taxonomy":"product_brand","embeddable":true,"href":"https:\/\/hoornvintage.com\/es\/wp-json\/wp\/v2\/product_brand?post=6173"},{"taxonomy":"product_cat","embeddable":true,"href":"https:\/\/hoornvintage.com\/es\/wp-json\/wp\/v2\/product_cat?post=6173"},{"taxonomy":"product_tag","embeddable":true,"href":"https:\/\/hoornvintage.com\/es\/wp-json\/wp\/v2\/product_tag?post=6173"}],"curies":[{"name":"wp","href":"https:\/\/api.w.org\/{rel}","templated":true}]}}