{"id":6187,"date":"2020-02-17T17:31:40","date_gmt":"2020-02-17T20:31:42","guid":{"rendered":"https:\/\/hoornvintage.com\/?post_type=product&#038;p=6187"},"modified":"2020-12-02T17:23:11","modified_gmt":"2020-12-02T20:23:11","slug":"gunther-pluschow","status":"publish","type":"product","link":"https:\/\/hoornvintage.com\/es\/producto\/gunther-pluschow\/","title":{"rendered":"Gunther Pl\u00fcschow"},"content":{"rendered":"","protected":false},"excerpt":{"rendered":"<p>Gunther Pl\u00fcschow fue un aviador, explorador a\u00e9reo y autor alem\u00e1n. Entre sus haza\u00f1as se incluye el \u00fanico escape de un prisionero de guerra alem\u00e1n en la Primera Guerra Mundial, desde Gran Breta\u00f1a hasta Alemania. Fue el primer hombre en explorar y filmar Tierra del Fuego y Patagonia desde el aire.<\/p>\n<ul>\n<li><strong>Poster Grande: 40 x 50cm<\/strong><\/li>\n<li><strong>Postal: 13 x 18 cm<\/strong><\/li>\n<\/ul>\n<p>Impresi\u00f3n de calidad en cuatro colores, sobre papel ilustraci\u00f3n de 250grs, acabado mate.<\/p>\n<p>Todos los posters se env\u00edan con un <strong>tubo protector<\/strong>.<\/p>\n","protected":false},"featured_media":9794,"template":"","meta":[],"product_brand":[],"product_cat":[42],"product_tag":[],"class_list":{"0":"post-6187","1":"product","2":"type-product","3":"status-publish","4":"has-post-thumbnail","6":"product_cat-patagonia-tierra-del-fuego-y-antartida","8":"first","9":"instock","10":"shipping-taxable","11":"purchasable","12":"product-type-variable"},"_links":{"self":[{"href":"https:\/\/hoornvintage.com\/es\/wp-json\/wp\/v2\/product\/6187","targetHints":{"allow":["GET"]}}],"collection":[{"href":"https:\/\/hoornvintage.com\/es\/wp-json\/wp\/v2\/product"}],"about":[{"href":"https:\/\/hoornvintage.com\/es\/wp-json\/wp\/v2\/types\/product"}],"wp:featuredmedia":[{"embeddable":true,"href":"https:\/\/hoornvintage.com\/es\/wp-json\/wp\/v2\/media\/9794"}],"wp:attachment":[{"href":"https:\/\/hoornvintage.com\/es\/wp-json\/wp\/v2\/media?parent=6187"}],"wp:term":[{"taxonomy":"product_brand","embeddable":true,"href":"https:\/\/hoornvintage.com\/es\/wp-json\/wp\/v2\/product_brand?post=6187"},{"taxonomy":"product_cat","embeddable":true,"href":"https:\/\/hoornvintage.com\/es\/wp-json\/wp\/v2\/product_cat?post=6187"},{"taxonomy":"product_tag","embeddable":true,"href":"https:\/\/hoornvintage.com\/es\/wp-json\/wp\/v2\/product_tag?post=6187"}],"curies":[{"name":"wp","href":"https:\/\/api.w.org\/{rel}","templated":true}]}}