{"id":8115,"date":"2020-06-22T20:16:37","date_gmt":"2020-06-22T23:16:37","guid":{"rendered":"https:\/\/hoornvintage.com\/product\/ushuaia\/"},"modified":"2021-06-15T13:39:11","modified_gmt":"2021-06-15T16:39:11","slug":"ushuaia","status":"publish","type":"product","link":"https:\/\/hoornvintage.com\/es\/producto\/ushuaia\/","title":{"rendered":"Ushuaia"},"content":{"rendered":"","protected":false},"excerpt":{"rendered":"<p>La ciudad m\u00e1s austral del mundo, Ushuaia, es la capital de la parte argentina de Tierra del Fuego. Su principal atractivo radica en sus bellezas naturales pero tambi\u00e9n en su historia, llena de mitos y leyendas. Ushuaia es la puerta de entrada a la Ant\u00e1rtida: m\u00e1s del 90 por ciento de los buques que parten hacia el continente blanco, lo hacen desde el puerto de esta ciudad.<\/p>\n<ul>\n<li><strong>Poster Grande: 40 x 50cm<\/strong><\/li>\n<li><strong>Im\u00e1n: 5 x 8 cm<\/strong><\/li>\n<li><strong>Notebook A5: 15 x 21 cm<\/strong><\/li>\n<li><strong>Postal: 13 x 18 cm<\/strong><\/li>\n<\/ul>\n<p>Impresi\u00f3n de calidad en cuatro colores, sobre papel ilustraci\u00f3n de 250grs, acabado mate.<\/p>\n<p>Todos los posters se env\u00edan con un <strong>tubo protector<\/strong>.<\/p>\n<p>&nbsp;<\/p>\n","protected":false},"featured_media":9823,"template":"","meta":[],"product_brand":[],"product_cat":[42],"product_tag":[],"class_list":{"0":"post-8115","1":"product","2":"type-product","3":"status-publish","4":"has-post-thumbnail","6":"product_cat-patagonia-tierra-del-fuego-y-antartida","8":"first","9":"instock","10":"shipping-taxable","11":"purchasable","12":"product-type-variable"},"_links":{"self":[{"href":"https:\/\/hoornvintage.com\/es\/wp-json\/wp\/v2\/product\/8115","targetHints":{"allow":["GET"]}}],"collection":[{"href":"https:\/\/hoornvintage.com\/es\/wp-json\/wp\/v2\/product"}],"about":[{"href":"https:\/\/hoornvintage.com\/es\/wp-json\/wp\/v2\/types\/product"}],"wp:featuredmedia":[{"embeddable":true,"href":"https:\/\/hoornvintage.com\/es\/wp-json\/wp\/v2\/media\/9823"}],"wp:attachment":[{"href":"https:\/\/hoornvintage.com\/es\/wp-json\/wp\/v2\/media?parent=8115"}],"wp:term":[{"taxonomy":"product_brand","embeddable":true,"href":"https:\/\/hoornvintage.com\/es\/wp-json\/wp\/v2\/product_brand?post=8115"},{"taxonomy":"product_cat","embeddable":true,"href":"https:\/\/hoornvintage.com\/es\/wp-json\/wp\/v2\/product_cat?post=8115"},{"taxonomy":"product_tag","embeddable":true,"href":"https:\/\/hoornvintage.com\/es\/wp-json\/wp\/v2\/product_tag?post=8115"}],"curies":[{"name":"wp","href":"https:\/\/api.w.org\/{rel}","templated":true}]}}