{"id":8123,"date":"2020-06-22T20:00:15","date_gmt":"2020-06-22T23:00:15","guid":{"rendered":"https:\/\/hoornvintage.com\/product\/ernest-shackleton\/"},"modified":"2021-06-15T13:06:52","modified_gmt":"2021-06-15T16:06:52","slug":"ernest-shackleton","status":"publish","type":"product","link":"https:\/\/hoornvintage.com\/es\/producto\/ernest-shackleton\/","title":{"rendered":"Ernest Shackleton"},"content":{"rendered":"","protected":false},"excerpt":{"rendered":"<p>Shackleton fue uno de los exploradores m\u00e1s populares entre todos aquellos que formaron parte de la famosa <em>Edad Hero\u00edca<\/em> de exploraci\u00f3n ant\u00e1rtica.<\/p>\n<p>En esta nueva pintura Inchausti recrea una de las im\u00e1genes m\u00e1s emblem\u00e1ticas del explorador ingl\u00e9s, otorg\u00e1ndole un gran predomio a los tonos azules, tan comunes en los hielos del continente ant\u00e1rtico.<\/p>\n<ul>\n<li><strong>Poster Grande: 40 x 50cm<\/strong><\/li>\n<li><strong>Im\u00e1n: 5 x 8 cm<\/strong><\/li>\n<li><strong>Postal: 13 x 18 cm<\/strong><\/li>\n<\/ul>\n<p>Impresi\u00f3n de calidad en cuatro colores, sobre papel ilustraci\u00f3n de 250grs, acabado mate.<\/p>\n<p>Todos los posters se env\u00edan con un <strong>tubo protector<\/strong>.<\/p>\n<p>&nbsp;<\/p>\n","protected":false},"featured_media":9844,"template":"","meta":[],"product_brand":[],"product_cat":[45],"product_tag":[],"class_list":{"0":"post-8123","1":"product","2":"type-product","3":"status-publish","4":"has-post-thumbnail","6":"product_cat-iconos-populares","8":"first","9":"instock","10":"shipping-taxable","11":"purchasable","12":"product-type-variable"},"_links":{"self":[{"href":"https:\/\/hoornvintage.com\/es\/wp-json\/wp\/v2\/product\/8123","targetHints":{"allow":["GET"]}}],"collection":[{"href":"https:\/\/hoornvintage.com\/es\/wp-json\/wp\/v2\/product"}],"about":[{"href":"https:\/\/hoornvintage.com\/es\/wp-json\/wp\/v2\/types\/product"}],"wp:featuredmedia":[{"embeddable":true,"href":"https:\/\/hoornvintage.com\/es\/wp-json\/wp\/v2\/media\/9844"}],"wp:attachment":[{"href":"https:\/\/hoornvintage.com\/es\/wp-json\/wp\/v2\/media?parent=8123"}],"wp:term":[{"taxonomy":"product_brand","embeddable":true,"href":"https:\/\/hoornvintage.com\/es\/wp-json\/wp\/v2\/product_brand?post=8123"},{"taxonomy":"product_cat","embeddable":true,"href":"https:\/\/hoornvintage.com\/es\/wp-json\/wp\/v2\/product_cat?post=8123"},{"taxonomy":"product_tag","embeddable":true,"href":"https:\/\/hoornvintage.com\/es\/wp-json\/wp\/v2\/product_tag?post=8123"}],"curies":[{"name":"wp","href":"https:\/\/api.w.org\/{rel}","templated":true}]}}