{"id":8125,"date":"2020-06-22T19:56:06","date_gmt":"2020-06-22T22:56:06","guid":{"rendered":"https:\/\/hoornvintage.com\/product\/gustavo-cerati\/"},"modified":"2021-06-15T13:18:09","modified_gmt":"2021-06-15T16:18:09","slug":"gustavo-cerati","status":"publish","type":"product","link":"https:\/\/hoornvintage.com\/es\/producto\/gustavo-cerati\/","title":{"rendered":"Gustavo Cerati"},"content":{"rendered":"","protected":false},"excerpt":{"rendered":"<p>Gustavo Cerati fue uno de los grandes exponentes del Rock Argentino. M\u00e1s conocido por su participaci\u00f3n en la banda Soda Stereo, de la que fue su l\u00edder, tambi\u00e9n desarrollo una exitosa carrera como solista. En esta explosi\u00f3n de color, el talentoso Francisco Inchausti le hace un justo homenaje a este gran artista.<\/p>\n<ul>\n<li><strong>Poster Grande: 40 x 50cm<\/strong><\/li>\n<li><strong>Im\u00e1n: 5 x 8 cm<\/strong><\/li>\n<li><strong>Postal: 13 x 18 cm<\/strong><\/li>\n<\/ul>\n<p>Impresi\u00f3n de calidad en cuatro colores, sobre papel ilustraci\u00f3n de 250grs, acabado mate.<\/p>\n<p>Todos los posters se env\u00edan con un <strong>tubo protector<\/strong>.<\/p>\n<p>&nbsp;<\/p>\n","protected":false},"featured_media":9858,"template":"","meta":[],"product_brand":[],"product_cat":[45],"product_tag":[],"class_list":{"0":"post-8125","1":"product","2":"type-product","3":"status-publish","4":"has-post-thumbnail","6":"product_cat-iconos-populares","8":"first","9":"instock","10":"shipping-taxable","11":"purchasable","12":"product-type-variable"},"_links":{"self":[{"href":"https:\/\/hoornvintage.com\/es\/wp-json\/wp\/v2\/product\/8125","targetHints":{"allow":["GET"]}}],"collection":[{"href":"https:\/\/hoornvintage.com\/es\/wp-json\/wp\/v2\/product"}],"about":[{"href":"https:\/\/hoornvintage.com\/es\/wp-json\/wp\/v2\/types\/product"}],"wp:featuredmedia":[{"embeddable":true,"href":"https:\/\/hoornvintage.com\/es\/wp-json\/wp\/v2\/media\/9858"}],"wp:attachment":[{"href":"https:\/\/hoornvintage.com\/es\/wp-json\/wp\/v2\/media?parent=8125"}],"wp:term":[{"taxonomy":"product_brand","embeddable":true,"href":"https:\/\/hoornvintage.com\/es\/wp-json\/wp\/v2\/product_brand?post=8125"},{"taxonomy":"product_cat","embeddable":true,"href":"https:\/\/hoornvintage.com\/es\/wp-json\/wp\/v2\/product_cat?post=8125"},{"taxonomy":"product_tag","embeddable":true,"href":"https:\/\/hoornvintage.com\/es\/wp-json\/wp\/v2\/product_tag?post=8125"}],"curies":[{"name":"wp","href":"https:\/\/api.w.org\/{rel}","templated":true}]}}