{"id":8762,"date":"2020-12-22T16:59:51","date_gmt":"2020-12-22T19:59:54","guid":{"rendered":"https:\/\/hoornvintage.com\/?post_type=product&#038;p=8762"},"modified":"2021-07-07T14:22:59","modified_gmt":"2021-07-07T17:22:59","slug":"pack-libretas-iconos-populares","status":"publish","type":"product","link":"https:\/\/hoornvintage.com\/es\/producto\/pack-libretas-iconos-populares\/","title":{"rendered":"Pack Libretas \u00cdconos Populares"},"content":{"rendered":"","protected":false},"excerpt":{"rendered":"<p>Este pack de libretas contiene tres libretas que retratan, posiblemente, las figuras populares m\u00e1s ic\u00f3nicas de la historia argentina: Diego Maradona, Carlos Gardel y Eva Per\u00f3n.<\/p>\n<p>3 libretas : <strong>10 x 14 cm<\/strong> \u2013 <strong>64 hojas blancas<\/strong><\/p>\n","protected":false},"featured_media":9862,"template":"","meta":[],"product_brand":[],"product_cat":[45],"product_tag":[],"class_list":{"0":"post-8762","1":"product","2":"type-product","3":"status-publish","4":"has-post-thumbnail","6":"product_cat-iconos-populares","8":"first","9":"instock","10":"shipping-taxable","11":"purchasable","12":"product-type-variable"},"_links":{"self":[{"href":"https:\/\/hoornvintage.com\/es\/wp-json\/wp\/v2\/product\/8762","targetHints":{"allow":["GET"]}}],"collection":[{"href":"https:\/\/hoornvintage.com\/es\/wp-json\/wp\/v2\/product"}],"about":[{"href":"https:\/\/hoornvintage.com\/es\/wp-json\/wp\/v2\/types\/product"}],"wp:featuredmedia":[{"embeddable":true,"href":"https:\/\/hoornvintage.com\/es\/wp-json\/wp\/v2\/media\/9862"}],"wp:attachment":[{"href":"https:\/\/hoornvintage.com\/es\/wp-json\/wp\/v2\/media?parent=8762"}],"wp:term":[{"taxonomy":"product_brand","embeddable":true,"href":"https:\/\/hoornvintage.com\/es\/wp-json\/wp\/v2\/product_brand?post=8762"},{"taxonomy":"product_cat","embeddable":true,"href":"https:\/\/hoornvintage.com\/es\/wp-json\/wp\/v2\/product_cat?post=8762"},{"taxonomy":"product_tag","embeddable":true,"href":"https:\/\/hoornvintage.com\/es\/wp-json\/wp\/v2\/product_tag?post=8762"}],"curies":[{"name":"wp","href":"https:\/\/api.w.org\/{rel}","templated":true}]}}