{"id":8772,"date":"2020-12-22T17:25:32","date_gmt":"2020-12-22T20:25:35","guid":{"rendered":"https:\/\/hoornvintage.com\/?post_type=product&#038;p=8772"},"modified":"2021-07-07T14:22:40","modified_gmt":"2021-07-07T17:22:40","slug":"pack-libretas-ba1","status":"publish","type":"product","link":"https:\/\/hoornvintage.com\/es\/producto\/pack-libretas-ba1\/","title":{"rendered":"Pack Libretas BA1"},"content":{"rendered":"","protected":false},"excerpt":{"rendered":"<p>Este pack de libretas contiene una selecci\u00f3n de tres libretas que retratan algunos de los lugares m\u00e1s emblem\u00e1ticos de Buenos Aires.<\/p>\n<p>3 libretas : <strong>10 x 14 cm<\/strong> \u2013 <strong>64 hojas blancas <\/strong><\/p>\n","protected":false},"featured_media":9700,"template":"","meta":[],"product_brand":[],"product_cat":[44],"product_tag":[],"class_list":{"0":"post-8772","1":"product","2":"type-product","3":"status-publish","4":"has-post-thumbnail","6":"product_cat-buenos-aires-es","8":"first","9":"instock","10":"shipping-taxable","11":"purchasable","12":"product-type-variable"},"_links":{"self":[{"href":"https:\/\/hoornvintage.com\/es\/wp-json\/wp\/v2\/product\/8772","targetHints":{"allow":["GET"]}}],"collection":[{"href":"https:\/\/hoornvintage.com\/es\/wp-json\/wp\/v2\/product"}],"about":[{"href":"https:\/\/hoornvintage.com\/es\/wp-json\/wp\/v2\/types\/product"}],"wp:featuredmedia":[{"embeddable":true,"href":"https:\/\/hoornvintage.com\/es\/wp-json\/wp\/v2\/media\/9700"}],"wp:attachment":[{"href":"https:\/\/hoornvintage.com\/es\/wp-json\/wp\/v2\/media?parent=8772"}],"wp:term":[{"taxonomy":"product_brand","embeddable":true,"href":"https:\/\/hoornvintage.com\/es\/wp-json\/wp\/v2\/product_brand?post=8772"},{"taxonomy":"product_cat","embeddable":true,"href":"https:\/\/hoornvintage.com\/es\/wp-json\/wp\/v2\/product_cat?post=8772"},{"taxonomy":"product_tag","embeddable":true,"href":"https:\/\/hoornvintage.com\/es\/wp-json\/wp\/v2\/product_tag?post=8772"}],"curies":[{"name":"wp","href":"https:\/\/api.w.org\/{rel}","templated":true}]}}