{"id":8816,"date":"2020-12-22T17:58:56","date_gmt":"2020-12-22T20:58:56","guid":{"rendered":"https:\/\/hoornvintage.com\/?post_type=product&#038;p=8816"},"modified":"2020-12-22T18:09:11","modified_gmt":"2020-12-22T21:09:11","slug":"apoyavasos-buenos-aires","status":"publish","type":"product","link":"https:\/\/hoornvintage.com\/es\/producto\/apoyavasos-buenos-aires\/","title":{"rendered":"Apoyavasos Buenos Aires"},"content":{"rendered":"","protected":false},"excerpt":{"rendered":"<p>Este pack de apoyavasos contiene una selecci\u00f3n de 8 apoyavasos que retratan algunos de los lugares m\u00e1s emblem\u00e1ticos de Buenos Aires.<\/p>\n<p>8 apoyavasos: <strong>10 x 10 cm<\/strong> &#8211; <strong>cart\u00f3n absorbente<\/strong><\/p>\n","protected":false},"featured_media":9692,"template":"","meta":[],"product_brand":[],"product_cat":[44],"product_tag":[],"class_list":{"0":"post-8816","1":"product","2":"type-product","3":"status-publish","4":"has-post-thumbnail","6":"product_cat-buenos-aires-es","8":"first","9":"instock","10":"shipping-taxable","11":"purchasable","12":"product-type-variable"},"_links":{"self":[{"href":"https:\/\/hoornvintage.com\/es\/wp-json\/wp\/v2\/product\/8816","targetHints":{"allow":["GET"]}}],"collection":[{"href":"https:\/\/hoornvintage.com\/es\/wp-json\/wp\/v2\/product"}],"about":[{"href":"https:\/\/hoornvintage.com\/es\/wp-json\/wp\/v2\/types\/product"}],"wp:featuredmedia":[{"embeddable":true,"href":"https:\/\/hoornvintage.com\/es\/wp-json\/wp\/v2\/media\/9692"}],"wp:attachment":[{"href":"https:\/\/hoornvintage.com\/es\/wp-json\/wp\/v2\/media?parent=8816"}],"wp:term":[{"taxonomy":"product_brand","embeddable":true,"href":"https:\/\/hoornvintage.com\/es\/wp-json\/wp\/v2\/product_brand?post=8816"},{"taxonomy":"product_cat","embeddable":true,"href":"https:\/\/hoornvintage.com\/es\/wp-json\/wp\/v2\/product_cat?post=8816"},{"taxonomy":"product_tag","embeddable":true,"href":"https:\/\/hoornvintage.com\/es\/wp-json\/wp\/v2\/product_tag?post=8816"}],"curies":[{"name":"wp","href":"https:\/\/api.w.org\/{rel}","templated":true}]}}